{"id":567,"date":"2019-11-21T12:35:24","date_gmt":"2019-11-21T12:35:24","guid":{"rendered":"http:\/\/www2.fondazionecorippo.ch\/architettura-e-urbanistica\/"},"modified":"2020-01-13T09:56:47","modified_gmt":"2020-01-13T09:56:47","slug":"architettura-e-urbanistica","status":"publish","type":"page","link":"https:\/\/www.fondazionecorippo.ch\/de\/architettura-e-urbanistica\/","title":{"rendered":"Architektur und Urbanistik"},"content":{"rendered":"<section class=\"wpb-content-wrapper\"><p>[vc_row][vc_column width=&#8220;1\/2&#8243; col_shadow=&#8220;box_shadow_enable:disable|shadow_horizontal:0|shadow_vertical:15|shadow_blur:50|shadow_spread:0|box_shadow_color:rgba(0%2C0%2C0%2C0.35)&#8220; col_shadow_hover=&#8220;box_shadow_enable:disable|shadow_horizontal:0|shadow_vertical:15|shadow_blur:50|shadow_spread:0|box_shadow_color:rgba(0%2C0%2C0%2C0.35)&#8220;]\n\t\t\t<!-- START architettura REVOLUTION SLIDER 6.7.35 --><p class=\"rs-p-wp-fix\"><\/p>\n\t\t\t<rs-module-wrap id=\"rev_slider_9_1_wrapper\" data-source=\"gallery\" style=\"visibility:hidden;background:transparent;padding:0;margin:0px auto;margin-top:0;margin-bottom:0;\">\n\t\t\t\t<rs-module id=\"rev_slider_9_1\" style=\"\" data-version=\"6.7.35\">\n\t\t\t\t\t<rs-slides style=\"overflow: hidden; position: absolute;\">\n\t\t\t\t\t\t<rs-slide style=\"position: absolute;\" data-key=\"rs-13\" data-title=\"Slide\" data-anim=\"ms:1000;r:0;\" data-in=\"o:0;\" data-out=\"a:false;\">\n\t\t\t\t\t\t\t<img decoding=\"async\" src=\"\/\/www.fondazionecorippo.ch\/wp-content\/plugins\/revslider\/sr6\/assets\/assets\/dummy.png\" alt=\"Slide\" title=\"Architektur und Urbanistik\" class=\"rev-slidebg tp-rs-img rs-lazyload\" data-lazyload=\"\/\/www.fondazionecorippo.ch\/wp-content\/plugins\/revslider\/sr6\/assets\/assets\/transparent.png\" data-no-retina>\n<!--\n\t\t\t\t\t\t\t--><rs-layer\n\t\t\t\t\t\t\t\tid=\"slider-9-slide-13-layer-5\" \n\t\t\t\t\t\t\t\tdata-type=\"image\"\n\t\t\t\t\t\t\t\tdata-rsp_ch=\"on\"\n\t\t\t\t\t\t\t\tdata-xy=\"x:l,l,c,c;yo:100px,100px,50px,30px;\"\n\t\t\t\t\t\t\t\tdata-text=\"w:normal;s:20,16,8,4;l:0,20,10,6;\"\n\t\t\t\t\t\t\t\tdata-dim=\"w:50%,50%,90%,95%;\"\n\t\t\t\t\t\t\t\tdata-basealign=\"slide\"\n\t\t\t\t\t\t\t\tdata-padding=\"r:30,0,0,0;l:30,0,0,0;\"\n\t\t\t\t\t\t\t\tdata-frame_0=\"sX:0.9;sY:0.9;\"\n\t\t\t\t\t\t\t\tdata-frame_1=\"e:power1.in;sp:3000;\"\n\t\t\t\t\t\t\t\tdata-frame_999=\"o:0;st:w;\"\n\t\t\t\t\t\t\t\tstyle=\"z-index:12;\"\n\t\t\t\t\t\t\t><img decoding=\"async\" src=\"\/\/www.fondazionecorippo.ch\/wp-content\/plugins\/revslider\/sr6\/assets\/assets\/dummy.png\" alt=\"\" class=\"tp-rs-img rs-lazyload\" width=\"1600\" height=\"2050\" data-lazyload=\"\/\/www.fondazionecorippo.ch\/wp-content\/uploads\/2019\/12\/architettura_mappa_new.jpg\" data-no-retina> \n\t\t\t\t\t\t\t<\/rs-layer><!--\n-->\t\t\t\t\t<\/rs-slide>\n\t\t\t\t\t<\/rs-slides>\n\t\t\t\t<\/rs-module>\n\t\t\t\t<script>\n\t\t\t\t\tsetREVStartSize({c: 'rev_slider_9_1',rl:[1240,1024,778,480],el:[1500,1300,1020,640],gw:[2000,1600,800,480],gh:[1500,1300,1020,640],type:'hero',justify:'',layout:'fullwidth',mh:\"0\"});if (window.RS_MODULES!==undefined && window.RS_MODULES.modules!==undefined && window.RS_MODULES.modules[\"revslider91\"]!==undefined) {window.RS_MODULES.modules[\"revslider91\"].once = false;window.revapi9 = undefined;if (window.RS_MODULES.checkMinimal!==undefined) window.RS_MODULES.checkMinimal()}\n\t\t\t\t<\/script>\n\t\t\t<\/rs-module-wrap>\n\t\t\t<!-- END REVOLUTION SLIDER -->\n[\/vc_column][vc_column width=&#8220;1\/2&#8243; css=&#8220;.vc_custom_1572354223871{padding-right: 30px !important;padding-left: 30px !important;}&#8220; col_shadow=&#8220;box_shadow_enable:disable|shadow_horizontal:0|shadow_vertical:15|shadow_blur:50|shadow_spread:0|box_shadow_color:rgba(0%2C0%2C0%2C0.35)&#8220; col_shadow_hover=&#8220;box_shadow_enable:disable|shadow_horizontal:0|shadow_vertical:15|shadow_blur:50|shadow_spread:0|box_shadow_color:rgba(0%2C0%2C0%2C0.35)&#8220;][dfd_spacer screen_wide_spacer_size=&#8220;250&#8243; screen_normal_resolution=&#8220;1024&#8243; screen_tablet_resolution=&#8220;800&#8243; screen_mobile_resolution=&#8220;480&#8243; screen_normal_spacer_size=&#8220;200&#8243; screen_tablet_spacer_size=&#8220;50&#8243; screen_mobile_spacer_size=&#8220;50&#8243;][dfd_heading subtitle=&#8220;&#8220; content_alignment=&#8220;text-left&#8220; enable_delimiter=&#8220;&#8220; heading_margin=&#8220;margin-bottom:15&#8243; undefined=&#8220;&#8220; title_font_options=&#8220;tag:h1&#8243; subtitle_font_options=&#8220;tag:div&#8220; title_responsive=&#8220;font_size_mobile:40|line_height_mobile:45|letter_spacing_mobile:0&#8243;]Architektur und Urbanistik[\/dfd_heading][vc_column_text]Das Dorf Corippo, das sich auf einem absch\u00fcssigen Hang erhebt, ist von der rechten Talseite des Valle Verzasca und von der linken Talseite des Val di Corippo umgeben. Die Anordnung der Dorfgeb\u00e4ude folgt einer extrem kompakten Struktur und einheitlichen Typologie. Die Geb\u00e4ude sind, von oben nach unten, entlang einer horizontal verlaufenden Fussg\u00e4ngerachse angeordnet, die \u00fcber senkrecht angelegte Treppenwege auf den Dorfplatz f\u00fchrt. Die Steinh\u00e4user im Dorfkern mit ihren charakteristischen Steinplattend\u00e4chern sind nach S\u00fcdosten ausgerichtet und durch schmale Gassen miteinander verbunden. Diese charakteristische bauliche Morphologie hat sich bis heute erhalten. Im Jahr 1975, anl\u00e4sslich des Europ\u00e4ischen Jahres f\u00fcr Denkmalpflege und Heimatschutz, wurde Corippo vom Bund und vom Kanton Tessin als historische Siedlung ausgew\u00e4hlt, die durch die Umsetzung beispielhafter Massnahmen in ihrer Gesamtheit erhalten und wiederbelebt werden soll.[\/vc_column_text][dfd_spacer screen_wide_spacer_size=&#8220;50&#8243; screen_normal_resolution=&#8220;1024&#8243; screen_tablet_resolution=&#8220;800&#8243; screen_mobile_resolution=&#8220;480&#8243; screen_normal_spacer_size=&#8220;50&#8243; screen_tablet_spacer_size=&#8220;50&#8243; screen_mobile_spacer_size=&#8220;50&#8243;][dfd_simple_image_gallery dfd_layer_image=&#8220;422&#8243; items_offset=&#8220;0&#8243; image_width=&#8220;900&#8243; image_height=&#8220;&#8220; crop_images=&#8220;&#8220; slides_to_scroll=&#8220;1&#8243; carousel_slideshow_speed=&#8220;3000&#8243; use_dots=&#8220;show&#8220; dots_style=&#8220;dfdfillrounded&#8220; images_style=&#8220;carousel&#8220; tutorials=&#8220;&#8220;][\/vc_column][\/vc_row][vc_row][vc_column][dfd_spacer screen_wide_spacer_size=&#8220;100&#8243; screen_normal_resolution=&#8220;1024&#8243; screen_tablet_resolution=&#8220;800&#8243; screen_mobile_resolution=&#8220;480&#8243; screen_normal_spacer_size=&#8220;100&#8243; screen_tablet_spacer_size=&#8220;100&#8243; screen_mobile_spacer_size=&#8220;100&#8243;][\/vc_column][\/vc_row]<\/p>\n<\/section>","protected":false},"excerpt":{"rendered":"<p>[vc_row][vc_column width=&#8220;1\/2&#8243; col_shadow=&#8220;box_shadow_enable:disable|shadow_horizontal:0|shadow_vertical:15|shadow_blur:50|shadow_spread:0|box_shadow_color:rgba(0%2C0%2C0%2C0.35)&#8220; col_shadow_hover=&#8220;box_shadow_enable:disable|shadow_horizontal:0|shadow_vertical:15|shadow_blur:50|shadow_spread:0|box_shadow_color:rgba(0%2C0%2C0%2C0.35)&#8220;][\/vc_column][vc_column width=&#8220;1\/2&#8243; css=&#8220;.vc_custom_1572354223871{padding-right: 30px !important;padding-left: 30px !important;}&#8220; col_shadow=&#8220;box_shadow_enable:disable|shadow_horizontal:0|shadow_vertical:15|shadow_blur:50|shadow_spread:0|box_shadow_color:rgba(0%2C0%2C0%2C0.35)&#8220; col_shadow_hover=&#8220;box_shadow_enable:disable|shadow_horizontal:0|shadow_vertical:15|shadow_blur:50|shadow_spread:0|box_shadow_color:rgba(0%2C0%2C0%2C0.35)&#8220;][dfd_spacer screen_wide_spacer_size=&#8220;250&#8243; screen_normal_resolution=&#8220;1024&#8243; screen_tablet_resolution=&#8220;800&#8243; screen_mobile_resolution=&#8220;480&#8243; screen_normal_spacer_size=&#8220;200&#8243; screen_tablet_spacer_size=&#8220;50&#8243; screen_mobile_spacer_size=&#8220;50&#8243;][dfd_heading subtitle=&#8220;&#8220; content_alignment=&#8220;text-left&#8220; enable_delimiter=&#8220;&#8220; heading_margin=&#8220;margin-bottom:15&#8243; undefined=&#8220;&#8220; title_font_options=&#8220;tag:h1&#8243; subtitle_font_options=&#8220;tag:div&#8220; title_responsive=&#8220;font_size_mobile:40|line_height_mobile:45|letter_spacing_mobile:0&#8243;]Architektur und Urbanistik[\/dfd_heading][vc_column_text]Das Dorf<\/p>\n","protected":false},"author":1,"featured_media":0,"parent":0,"menu_order":0,"comment_status":"closed","ping_status":"closed","template":"tmp-page.php","meta":{"inline_featured_image":false,"_monsterinsights_skip_tracking":false,"_monsterinsights_sitenote_active":false,"_monsterinsights_sitenote_note":"","_monsterinsights_sitenote_category":0,"footnotes":""},"class_list":["post-567","page","type-page","status-publish","hentry"],"aioseo_notices":[],"_links":{"self":[{"href":"https:\/\/www.fondazionecorippo.ch\/de\/wp-json\/wp\/v2\/pages\/567","targetHints":{"allow":["GET"]}}],"collection":[{"href":"https:\/\/www.fondazionecorippo.ch\/de\/wp-json\/wp\/v2\/pages"}],"about":[{"href":"https:\/\/www.fondazionecorippo.ch\/de\/wp-json\/wp\/v2\/types\/page"}],"author":[{"embeddable":true,"href":"https:\/\/www.fondazionecorippo.ch\/de\/wp-json\/wp\/v2\/users\/1"}],"replies":[{"embeddable":true,"href":"https:\/\/www.fondazionecorippo.ch\/de\/wp-json\/wp\/v2\/comments?post=567"}],"version-history":[{"count":4,"href":"https:\/\/www.fondazionecorippo.ch\/de\/wp-json\/wp\/v2\/pages\/567\/revisions"}],"predecessor-version":[{"id":1024,"href":"https:\/\/www.fondazionecorippo.ch\/de\/wp-json\/wp\/v2\/pages\/567\/revisions\/1024"}],"wp:attachment":[{"href":"https:\/\/www.fondazionecorippo.ch\/de\/wp-json\/wp\/v2\/media?parent=567"}],"curies":[{"name":"wp","href":"https:\/\/api.w.org\/{rel}","templated":true}]}}