{"id":576,"date":"2019-11-21T12:53:32","date_gmt":"2019-11-21T12:53:32","guid":{"rendered":"http:\/\/www2.fondazionecorippo.ch\/sostenitori\/"},"modified":"2024-02-13T07:10:12","modified_gmt":"2024-02-13T07:10:12","slug":"sostenitori","status":"publish","type":"page","link":"https:\/\/www.fondazionecorippo.ch\/de\/sostenitori\/","title":{"rendered":"Unterst\u00fctzer"},"content":{"rendered":"<section class=\"wpb-content-wrapper\"><p>[vc_row][vc_column width=&#8220;1\/2&#8243; col_shadow=&#8220;box_shadow_enable:disable|shadow_horizontal:0|shadow_vertical:15|shadow_blur:50|shadow_spread:0|box_shadow_color:rgba(0%2C0%2C0%2C0.35)&#8220; col_shadow_hover=&#8220;box_shadow_enable:disable|shadow_horizontal:0|shadow_vertical:15|shadow_blur:50|shadow_spread:0|box_shadow_color:rgba(0%2C0%2C0%2C0.35)&#8220; css=&#8220;.vc_custom_1573728681690{padding-right: 30px !important;padding-left: 30px !important;}&#8220;][dfd_spacer screen_wide_spacer_size=&#8220;250&#8243; screen_normal_resolution=&#8220;1024&#8243; screen_tablet_resolution=&#8220;800&#8243; screen_mobile_resolution=&#8220;480&#8243; screen_normal_spacer_size=&#8220;200&#8243; screen_tablet_spacer_size=&#8220;50&#8243; screen_mobile_spacer_size=&#8220;50&#8243;][dfd_heading subtitle=&#8220;&#8220; content_alignment=&#8220;text-left&#8220; enable_delimiter=&#8220;&#8220; heading_margin=&#8220;margin-bottom:15&#8243; undefined=&#8220;&#8220; title_font_options=&#8220;tag:h1&#8243; subtitle_font_options=&#8220;tag:div&#8220; title_responsive=&#8220;font_size_mobile:40|line_height_mobile:45|letter_spacing_mobile:0&#8243;]Unsere Unterst\u00fctzer[\/dfd_heading][vc_column_text css=&#8220;.vc_custom_1707600155476{padding-bottom: 20px !important;}&#8220;]Corippo ist das Dorf, das seinen historischen Charakter mehr als jedes andere bewahrt hat. Aufgrund des Wertes seines architektonischen Erbes wurde es zu einem Denkmal von nationaler Bedeutung erkl\u00e4rt und ist daher streng gesch\u00fctzt. Corippo ist ein Dorf, welches wert ist, erhalten und wiederbelebt zu werden. Genau das ist das Ziel der Stiftung Corippo, die mit der Burgergemeinde, der Kirchgemeinde, der Gemeindeverwaltung und anderen in der Region aktiven Organisationen zusammenarbeitet und auf die Unterst\u00fctzung all derer, die Corippo lieben, z\u00e4hlen kann. Die stiftung finanziert ihre Aktivit\u00e4ten und Projekte dank Spenden von \u00f6ffentlichen Einrichtungen, Unternehmen und Privatpersonen.[\/vc_column_text][dfd_heading subtitle=&#8220;&#8220; content_alignment=&#8220;text-left&#8220; enable_delimiter=&#8220;&#8220; heading_margin=&#8220;margin-bottom:15&#8243; undefined=&#8220;&#8220; title_font_options=&#8220;tag:h1&#8243; subtitle_font_options=&#8220;tag:div&#8220; title_responsive=&#8220;font_size_mobile:40|line_height_mobile:45|letter_spacing_mobile:0&#8243;]Landschaftliches Projekt[\/dfd_heading][dfd_icon_list list_fields=&#8220;%5B%7B%22icon_type%22%3A%22not-icon%22%2C%22select_icon%22%3A%22dfd_icons%22%2C%22ic_dfd_icons%22%3A%22dfd-socicon-arrow-right%22%2C%22text_content%22%3A%22Repubblica%20e%20Cantone%20Ticino%22%2C%22link_box%22%3A%22link_b%22%2C%22link%22%3A%22url%3Ahttps%253A%252F%252Fwww4.ti.ch%252Findex.php%253Fid%253D86286%7C%7Ctarget%3A%2520_blank%7C%22%7D%2C%7B%22icon_type%22%3A%22not-icon%22%2C%22select_icon%22%3A%22dfd_icons%22%2C%22ic_dfd_icons%22%3A%22dfd-socicon-arrow-right%22%2C%22text_content%22%3A%22ERS%20LVM%20%5Cu2013%20Ente%20Regionale%20per%20lo%20sviluppo%20Locarnese%20e%20Vallemaggia%22%2C%22link_box%22%3A%22link_b%22%2C%22link%22%3A%22url%3Ahttps%253A%252F%252Flocarnese.ch%252F%7C%7Ctarget%3A%2520_blank%7C%22%7D%2C%7B%22icon_type%22%3A%22not-icon%22%2C%22select_icon%22%3A%22dfd_icons%22%2C%22ic_dfd_icons%22%3A%22dfd-socicon-arrow-right%22%2C%22text_content%22%3A%22Ascona%20Locarno%20%5Cu2013%20Organizzazione%20Turistica%20Lago%20Maggiore%20e%20Valli%20Regione%20Tenero%20e%20Valle%20Verzasca%22%2C%22link_box%22%3A%22link_b%22%2C%22link%22%3A%22url%3Ahttps%253A%252F%252Fwww.ascona-locarno.com%252Fit%252Fesplora%252Fvalle-verzasca%7C%7Ctarget%3A%2520_blank%7C%22%7D%2C%7B%22icon_type%22%3A%22not-icon%22%2C%22select_icon%22%3A%22dfd_icons%22%2C%22ic_dfd_icons%22%3A%22dfd-socicon-arrow-right%22%2C%22text_content%22%3A%22Ernst%20G%5Cu00f6hner%20Stiftung%22%2C%22link_box%22%3A%22link_b%22%2C%22link%22%3A%22url%3Ahttp%253A%252F%252Fwww.ernst-goehner-stiftung.ch%252Findex.php%252Fde%7C%7Ctarget%3A%2520_blank%7C%22%7D%2C%7B%22icon_type%22%3A%22not-icon%22%2C%22select_icon%22%3A%22dfd_icons%22%2C%22ic_dfd_icons%22%3A%22dfd-socicon-arrow-right%22%2C%22text_content%22%3A%22Fondazione%20svizzera%20per%20la%20tutela%20del%20paesaggio%22%2C%22link_box%22%3A%22link_b%22%2C%22link%22%3A%22url%3Ahttps%253A%252F%252Fwww.sl-fp.ch%252F%7C%7Ctarget%3A%2520_blank%7C%22%7D%2C%7B%22icon_type%22%3A%22not-icon%22%2C%22select_icon%22%3A%22dfd_icons%22%2C%22ic_dfd_icons%22%3A%22dfd-socicon-arrow-right%22%2C%22text_content%22%3A%22Fondo%20Svizzero%20per%20il%20Paesaggio%20%28FSP%29%22%2C%22link_box%22%3A%22link_b%22%2C%22link%22%3A%22url%3Ahttps%253A%252F%252Ffls-fsp.ch%252F%7C%7Ctarget%3A%2520_blank%7C%22%7D%2C%7B%22icon_type%22%3A%22not-icon%22%2C%22select_icon%22%3A%22dfd_icons%22%2C%22ic_dfd_icons%22%3A%22dfd-socicon-arrow-right%22%2C%22text_content%22%3A%22Gemeinn%5Cu00fctziger%20Fonds%20del%20Cantone%20di%20Zurigo%22%2C%22link_box%22%3A%22link_b%22%2C%22link%22%3A%22url%3Ahttps%253A%252F%252Fwww.zh.ch%252Fde%252Fsport-kultur%252Flotteriefonds%252Fgemeinnuetziger-fonds.html%7Ctarget%3A_blank%22%7D%2C%7B%22icon_type%22%3A%22not-icon%22%2C%22select_icon%22%3A%22dfd_icons%22%2C%22ic_dfd_icons%22%3A%22dfd-socicon-arrow-right%22%2C%22text_content%22%3A%22Sophie%20und%20Karl%20Binding%20Stiftung%22%2C%22link_box%22%3A%22link_b%22%2C%22link%22%3A%22url%3Ahttps%253A%252F%252Fwww.binding-stiftung.ch%252F%7C%7Ctarget%3A%2520_blank%7C%22%7D%2C%7B%22icon_type%22%3A%22selector%22%2C%22select_icon%22%3A%22dfd_icons%22%2C%22ic_dfd_icons%22%3A%22dfd-socicon-arrow-right%22%7D%5D&#8220; del_height=&#8220;1&#8243; main_style=&#8220;style-2&#8243; icon_bottom_spase=&#8220;10&#8243; del_color=&#8220;#c6c6c6&#8243; font_options=&#8220;tag:div|font_size:18|color:%23000000|letter_spacing:0&#8243; use_google_fonts=&#8220;yes&#8220; custom_fonts=&#8220;font_family:Montserrat%3Aregular%2C700|font_style:400%20regular%3A400%3Anormal&#8220;][dfd_button click_animation=&#8220;&#8220; button_text=&#8220;SPENDE&#8220; alignment=&#8220;text-left&#8220; border=&#8220;border_style:solid|border_radius:0&#8243; hover_border=&#8220;border_style:solid|border_radius:0&#8243; main_style=&#8220;style-2&#8243; buttom_link_src=&#8220;url:https%3A%2F%2Fwww.fondazionecorippo.ch%2Fde%2Fdonazione%2F|&#8220; undefined=&#8220;&#8220; padding_left=&#8220;25&#8243; padding_right=&#8220;25&#8243; text_color=&#8220;#ffffff&#8220; hover_text_color=&#8220;#ffffff&#8220; background=&#8220;#000000&#8243; hover_background=&#8220;#000000&#8243; box_shadow=&#8220;box_shadow_enable:disable|shadow_horizontal:0|shadow_vertical:15|shadow_blur:50|shadow_spread:0|box_shadow_color:rgba(0%2C0%2C0%2C0.35)&#8220; hover_box_shadow=&#8220;box_shadow_enable:disable|shadow_horizontal:0|shadow_vertical:15|shadow_blur:50|shadow_spread:0|box_shadow_color:rgba(0%2C0%2C0%2C0.35)&#8220; title_font_options=&#8220;font_size:20|line_height:40|letter_spacing:0&#8243; title_google_fonts=&#8220;yes&#8220; title_custom_fonts=&#8220;font_family:Montserrat%3Aregular%2C700|font_style:700%20bold%20regular%3A700%3Anormal&#8220;][\/vc_column][vc_column width=&#8220;1\/2&#8243; css=&#8220;.vc_custom_1572354223871{padding-right: 30px !important;padding-left: 30px !important;}&#8220; col_shadow=&#8220;box_shadow_enable:disable|shadow_horizontal:0|shadow_vertical:15|shadow_blur:50|shadow_spread:0|box_shadow_color:rgba(0%2C0%2C0%2C0.35)&#8220; col_shadow_hover=&#8220;box_shadow_enable:disable|shadow_horizontal:0|shadow_vertical:15|shadow_blur:50|shadow_spread:0|box_shadow_color:rgba(0%2C0%2C0%2C0.35)&#8220;][dfd_spacer screen_wide_spacer_size=&#8220;250&#8243; screen_normal_resolution=&#8220;1024&#8243; screen_tablet_resolution=&#8220;800&#8243; screen_mobile_resolution=&#8220;480&#8243; screen_normal_spacer_size=&#8220;200&#8243; screen_tablet_spacer_size=&#8220;50&#8243; screen_mobile_spacer_size=&#8220;50&#8243;][dfd_spacer screen_wide_spacer_size=&#8220;250&#8243; screen_normal_resolution=&#8220;1024&#8243; screen_tablet_resolution=&#8220;800&#8243; screen_mobile_resolution=&#8220;480&#8243; screen_normal_spacer_size=&#8220;200&#8243; screen_tablet_spacer_size=&#8220;50&#8243; screen_mobile_spacer_size=&#8220;50&#8243;][dfd_heading subtitle=&#8220;&#8220; content_alignment=&#8220;text-left&#8220; enable_delimiter=&#8220;&#8220; heading_margin=&#8220;margin-bottom:15&#8243; undefined=&#8220;&#8220; title_font_options=&#8220;tag:h1&#8243; subtitle_font_options=&#8220;tag:div&#8220; title_responsive=&#8220;font_size_mobile:40|line_height_mobile:45|letter_spacing_mobile:0&#8243;]Corippo Albergo Diffuso[\/dfd_heading][dfd_icon_list list_fields=&#8220;%5B%7B%22icon_type%22%3A%22not-icon%22%2C%22select_icon%22%3A%22dfd_icons%22%2C%22ic_dfd_icons%22%3A%22dfd-socicon-arrow-right%22%2C%22text_content%22%3A%22Ufficio%20federale%20della%20cultura%20%5Cu2013%20Sezione%20cultura%20della%20costruzione%22%2C%22link_box%22%3A%22link_b%22%2C%22link%22%3A%22url%3Ahttps%253A%252F%252Fwww.bak.admin.ch%252Fbak%252Fit%252Fhome.html%7Ctarget%3A_blank%22%7D%2C%7B%22icon_type%22%3A%22not-icon%22%2C%22select_icon%22%3A%22dfd_icons%22%2C%22ic_dfd_icons%22%3A%22dfd-socicon-arrow-right%22%2C%22text_content%22%3A%22Repubblica%20e%20Cantone%20Ticino%22%2C%22link_box%22%3A%22link_b%22%2C%22link%22%3A%22url%3Ahttps%253A%252F%252Fwww4.ti.ch%252Findex.php%253Fid%253D86286%7C%7Ctarget%3A%2520_blank%7C%22%7D%2C%7B%22icon_type%22%3A%22not-icon%22%2C%22select_icon%22%3A%22dfd_icons%22%2C%22ic_dfd_icons%22%3A%22dfd-socicon-arrow-right%22%2C%22text_content%22%3A%22Comune%20di%20Corippo%2C%20oggi%20Comune%20Verzasca%22%2C%22link_box%22%3A%22link_b%22%2C%22link%22%3A%22url%3Ahttps%253A%252F%252Fwww.verzasca.swiss%7Ctarget%3A_blank%22%7D%2C%7B%22icon_type%22%3A%22not-icon%22%2C%22select_icon%22%3A%22dfd_icons%22%2C%22ic_dfd_icons%22%3A%22dfd-socicon-arrow-right%22%2C%22text_content%22%3A%22Convivio%20Intercomunale%20dei%20Sindaci%20del%20Locarnese%20%28CISL%29%22%2C%22link_box%22%3A%22link_b%22%2C%22link%22%3A%22url%3Ahttps%253A%252F%252Flocarnese.ch%252Fpartner%252Fconvivio%7Ctarget%3A_blank%22%7D%2C%7B%22icon_type%22%3A%22not-icon%22%2C%22select_icon%22%3A%22dfd_icons%22%2C%22ic_dfd_icons%22%3A%22dfd-socicon-arrow-right%22%2C%22text_content%22%3A%22Fondazione%20Aiuto%20svizzero%20alla%20Montagna%22%2C%22link_box%22%3A%22link_b%22%2C%22link%22%3A%22url%3Ahttps%253A%252F%252Fwww.aiutomontagna.ch%252Fit%252Frichieste%7Ctarget%3A_blank%22%7D%2C%7B%22icon_type%22%3A%22not-icon%22%2C%22select_icon%22%3A%22dfd_icons%22%2C%22ic_dfd_icons%22%3A%22dfd-socicon-arrow-right%22%2C%22text_content%22%3A%22Ascona%20Locarno%20%5Cu2013%20Organizzazione%20Turistica%20Lago%20Maggiore%20e%20Valli%20Regione%20Tenero%20e%20Valle%20Verzasca%22%2C%22link_box%22%3A%22link_b%22%2C%22link%22%3A%22url%3Ahttps%253A%252F%252Fwww.ascona-locarno.com%252Fit%252Fesplora%252Fvalle-verzasca%7C%7Ctarget%3A%2520_blank%7C%22%7D%2C%7B%22icon_type%22%3A%22not-icon%22%2C%22select_icon%22%3A%22dfd_icons%22%2C%22ic_dfd_icons%22%3A%22dfd-socicon-arrow-right%22%2C%22text_content%22%3A%22BancaStato%22%2C%22link_box%22%3A%22link_b%22%2C%22link%22%3A%22url%3Ahttps%253A%252F%252Fwww.bancastato.ch%7Ctarget%3A_blank%22%7D%2C%7B%22icon_type%22%3A%22not-icon%22%2C%22select_icon%22%3A%22dfd_icons%22%2C%22ic_dfd_icons%22%3A%22dfd-socicon-arrow-right%22%2C%22text_content%22%3A%22Pro%20Patria%20%22%2C%22link_box%22%3A%22link_b%22%2C%22link%22%3A%22url%3Ahttps%253A%252F%252Fwww.propatria.ch%252Fit%252F%22%7D%2C%7B%22icon_type%22%3A%22not-icon%22%2C%22select_icon%22%3A%22dfd_icons%22%2C%22ic_dfd_icons%22%3A%22dfd-socicon-arrow-right%22%2C%22text_content%22%3A%22Fondazione%20Verzasca%22%2C%22link_box%22%3A%22link_b%22%2C%22link%22%3A%22url%3Ahttps%253A%252F%252Ffondazioneverzasca.ch%7Ctarget%3A_blank%22%7D%5D&#8220; del_height=&#8220;1&#8243; main_style=&#8220;style-2&#8243; icon_bottom_spase=&#8220;10&#8243; del_color=&#8220;#c6c6c6&#8243; font_options=&#8220;tag:div|font_size:18|color:%23000000|letter_spacing:0&#8243; use_google_fonts=&#8220;yes&#8220; custom_fonts=&#8220;font_family:Montserrat%3Aregular%2C700|font_style:400%20regular%3A400%3Anormal&#8220; tutorials=&#8220;&#8220;][\/vc_column][\/vc_row][vc_row][vc_column][dfd_spacer screen_wide_spacer_size=&#8220;200&#8243; screen_normal_resolution=&#8220;1024&#8243; screen_tablet_resolution=&#8220;800&#8243; screen_mobile_resolution=&#8220;480&#8243; screen_normal_spacer_size=&#8220;150&#8243; screen_tablet_spacer_size=&#8220;100&#8243; screen_mobile_spacer_size=&#8220;100&#8243;][\/vc_column][\/vc_row]<\/p>\n<\/section>","protected":false},"excerpt":{"rendered":"<p>[vc_row][vc_column width=&#8220;1\/2&#8243; col_shadow=&#8220;box_shadow_enable:disable|shadow_horizontal:0|shadow_vertical:15|shadow_blur:50|shadow_spread:0|box_shadow_color:rgba(0%2C0%2C0%2C0.35)&#8220; col_shadow_hover=&#8220;box_shadow_enable:disable|shadow_horizontal:0|shadow_vertical:15|shadow_blur:50|shadow_spread:0|box_shadow_color:rgba(0%2C0%2C0%2C0.35)&#8220; css=&#8220;.vc_custom_1573728681690{padding-right: 30px !important;padding-left: 30px !important;}&#8220;][dfd_spacer screen_wide_spacer_size=&#8220;250&#8243; screen_normal_resolution=&#8220;1024&#8243; screen_tablet_resolution=&#8220;800&#8243; screen_mobile_resolution=&#8220;480&#8243; screen_normal_spacer_size=&#8220;200&#8243; screen_tablet_spacer_size=&#8220;50&#8243; screen_mobile_spacer_size=&#8220;50&#8243;][dfd_heading subtitle=&#8220;&#8220; content_alignment=&#8220;text-left&#8220; enable_delimiter=&#8220;&#8220; heading_margin=&#8220;margin-bottom:15&#8243; undefined=&#8220;&#8220; title_font_options=&#8220;tag:h1&#8243; subtitle_font_options=&#8220;tag:div&#8220; title_responsive=&#8220;font_size_mobile:40|line_height_mobile:45|letter_spacing_mobile:0&#8243;]Unsere Unterst\u00fctzer[\/dfd_heading][vc_column_text css=&#8220;.vc_custom_1707600155476{padding-bottom: 20px !important;}&#8220;]Corippo ist das<\/p>\n","protected":false},"author":1,"featured_media":0,"parent":0,"menu_order":0,"comment_status":"closed","ping_status":"closed","template":"tmp-page.php","meta":{"inline_featured_image":false,"_monsterinsights_skip_tracking":false,"_monsterinsights_sitenote_active":false,"_monsterinsights_sitenote_note":"","_monsterinsights_sitenote_category":0,"footnotes":""},"class_list":["post-576","page","type-page","status-publish","hentry"],"aioseo_notices":[],"_links":{"self":[{"href":"https:\/\/www.fondazionecorippo.ch\/de\/wp-json\/wp\/v2\/pages\/576","targetHints":{"allow":["GET"]}}],"collection":[{"href":"https:\/\/www.fondazionecorippo.ch\/de\/wp-json\/wp\/v2\/pages"}],"about":[{"href":"https:\/\/www.fondazionecorippo.ch\/de\/wp-json\/wp\/v2\/types\/page"}],"author":[{"embeddable":true,"href":"https:\/\/www.fondazionecorippo.ch\/de\/wp-json\/wp\/v2\/users\/1"}],"replies":[{"embeddable":true,"href":"https:\/\/www.fondazionecorippo.ch\/de\/wp-json\/wp\/v2\/comments?post=576"}],"version-history":[{"count":15,"href":"https:\/\/www.fondazionecorippo.ch\/de\/wp-json\/wp\/v2\/pages\/576\/revisions"}],"predecessor-version":[{"id":4132,"href":"https:\/\/www.fondazionecorippo.ch\/de\/wp-json\/wp\/v2\/pages\/576\/revisions\/4132"}],"wp:attachment":[{"href":"https:\/\/www.fondazionecorippo.ch\/de\/wp-json\/wp\/v2\/media?parent=576"}],"curies":[{"name":"wp","href":"https:\/\/api.w.org\/{rel}","templated":true}]}}