{"id":598,"date":"2019-11-21T13:08:18","date_gmt":"2019-11-21T13:08:18","guid":{"rendered":"http:\/\/www2.fondazionecorippo.ch\/donazione\/"},"modified":"2026-03-23T14:45:08","modified_gmt":"2026-03-23T14:45:08","slug":"donazione","status":"publish","type":"page","link":"https:\/\/www.fondazionecorippo.ch\/de\/donazione\/","title":{"rendered":"Spende"},"content":{"rendered":"<section class=\"wpb-content-wrapper\"><p>[vc_row][vc_column][dfd_spacer screen_wide_spacer_size=&#8220;150&#8243; screen_normal_resolution=&#8220;1024&#8243; screen_tablet_resolution=&#8220;800&#8243; screen_mobile_resolution=&#8220;480&#8243; screen_normal_spacer_size=&#8220;100&#8243; screen_tablet_spacer_size=&#8220;100&#8243; screen_mobile_spacer_size=&#8220;60&#8243;][\/vc_column][\/vc_row][vc_row][vc_column css=&#8220;.vc_custom_1573718206784{padding-right: 30px !important;padding-left: 30px !important;}&#8220; col_shadow=&#8220;box_shadow_enable:disable|shadow_horizontal:0|shadow_vertical:15|shadow_blur:50|shadow_spread:0|box_shadow_color:rgba(0%2C0%2C0%2C0.35)&#8220; col_shadow_hover=&#8220;box_shadow_enable:disable|shadow_horizontal:0|shadow_vertical:15|shadow_blur:50|shadow_spread:0|box_shadow_color:rgba(0%2C0%2C0%2C0.35)&#8220;][dfd_heading subtitle=&#8220;&#8220; content_alignment=&#8220;text-left&#8220; enable_delimiter=&#8220;&#8220; undefined=&#8220;&#8220; title_font_options=&#8220;tag:h1&#8243; subtitle_font_options=&#8220;tag:div|font_size:21|color:%23000000|line_height:30|letter_spacing:0&#8243; title_responsive=&#8220;font_size_mobile:40|line_height_mobile:45|letter_spacing_mobile:0&#8243; subtitle_google_fonts=&#8220;yes&#8220; subtitle_custom_fonts=&#8220;font_family:Montserrat%3Aregular%2C700|font_style:400%20regular%3A400%3Anormal&#8220;]<\/p>\n<div>\n<h1><span lang=\"DE-CH\">Unterst\u00fctzen auch Sie die Aktivit\u00e4ten der Stiftung<\/span><\/h1>\n<\/div>\n<p>[\/dfd_heading][vc_column_text css=&#8220;.vc_custom_1704472970248{padding-bottom: 30px !important;}&#8220;]<\/p>\n<p style=\"font-weight: 400;\"><strong>Corippo: das freundlichste und wertvollste Dorf des Verzascatals<\/strong><\/p>\n<p>Diejenigen, die noch nie dort waren und die Gelegenheit nutzen, es zum ersten Mal zu besuchen, diejenigen, die Corippo lieben und es ihren Freunden zeigen wollen, und diejenigen, die Nachkommen einer Familie sind, die fr\u00fcher im Dorf oder sogar in den R\u00e4umen des heutigen Albergo Diffuso gelebt haben, und die Schritte ihrer Vorfahren zur\u00fcckverfolgen wollen. All diese Menschen haben einen guten Grund, nach Corippo zu kommen und die Einfachheit, die Sch\u00f6nheit und die Ruhe dieses kleinen Dorfs aus alten Steinh\u00e4usern zu genie\u00dfen, welche sich an den Berg klammern und so einfach sind, dass sie alle ber\u00fchren.<\/p>\n<p style=\"font-weight: 400;\"><strong>Die Stiftung setzt sich daf\u00fcr ein, dass dies auch weiterhin geschehen kann.<\/strong><\/p>\n<p>Corippo ist das Dorf, das seinen historischen Charakter mehr als jedes andere bewahrt hat. Aufgrund des Wertes seines architektonischen Erbes wurde es zu einem Denkmal von nationaler Bedeutung erkl\u00e4rt und ist daher streng gesch\u00fctzt. Corippo ist ein Dorf, welches wert ist, erhalten und wiederbelebt zu werden. Genau das ist das Ziel der Stiftung Corippo, die mit der Burgergemeinde, der Kirchgemeinde, der Gemeindeverwaltung und anderen in der Region aktiven Organisationen zusammenarbeitet und auf die Unterst\u00fctzung all derer, die Corippo lieben, z\u00e4hlen kann. Die stiftung finanziert ihre Aktivit\u00e4ten und Projekte dank Spenden von \u00f6ffentlichen Einrichtungen, Unternehmen und Privatpersonen.<\/p>\n<p style=\"font-weight: 400;\"><strong>Um ihre Ziele zu erreichen, ist die Stiftung Corippo auf drei Ebenen t\u00e4tig<\/strong><\/p>\n<ul>\n<li>die Wiederbelebung des Dorfes dank der Familie, die das Albergo Diffuso betreibt und in Corippo lebt, und dank der Unterst\u00fctzung von kulturellen Aktivit\u00e4ten<\/li>\n<li>die respektvolle Renovierung des kulturellen und baulichen Erbes<\/li>\n<li>die Landschaftspflege<\/li>\n<\/ul>\n<p><strong>Die &#8222;Fondazione Corippo 1975&#8220; ist als gemeinn\u00fctzige Organisation anerkannt. Der Spendenbetrag kann von der Steuererkl\u00e4rung abgezogen werden.<\/strong>[\/vc_column_text][dfd_heading subtitle=&#8220;&#8220; content_alignment=&#8220;text-left&#8220; enable_delimiter=&#8220;&#8220; undefined=&#8220;&#8220; title_font_options=&#8220;tag:h1&#8243; subtitle_font_options=&#8220;tag:div|font_size:21|color:%23000000|line_height:30|letter_spacing:0&#8243; title_responsive=&#8220;font_size_mobile:40|line_height_mobile:45|letter_spacing_mobile:0&#8243; subtitle_google_fonts=&#8220;yes&#8220; subtitle_custom_fonts=&#8220;font_family:Montserrat%3Aregular%2C700|font_style:400%20regular%3A400%3Anormal&#8220; heading_margin=&#8220;margin-top:20|margin-bottom:20&#8243; tutorials=&#8220;&#8220;]<\/p>\n<div>\n<h1><span lang=\"DE-CH\">Auch Sie k\u00f6nnen einen Beitrag leisten<\/span><\/h1>\n<\/div>\n<p>[\/dfd_heading][\/vc_column][\/vc_row][vc_row][vc_column css=&#8220;.vc_custom_1701951328333{padding-right: 30px !important;padding-bottom: 30px !important;padding-left: 30px !important;}&#8220; col_shadow=&#8220;box_shadow_enable:disable|shadow_horizontal:0|shadow_vertical:15|shadow_blur:50|shadow_spread:0|box_shadow_color:rgba(0%2C0%2C0%2C0.35)&#8220; col_shadow_hover=&#8220;box_shadow_enable:disable|shadow_horizontal:0|shadow_vertical:15|shadow_blur:50|shadow_spread:0|box_shadow_color:rgba(0%2C0%2C0%2C0.35)&#8220;][dfd_info_banner content_alignment=&#8220;text-left&#8220; img_width=&#8220;1087&#8243; img_height=&#8220;496&#8243; title=&#8220;&#8220; subtitle=&#8220;&#8220; banner_content=&#8220;&#8220; image=&#8220;3046&#8243; title_font_options=&#8220;tag:div|font_size:24|color:%23000000|line_height:34|letter_spacing:0&#8243; subtitle_font_options=&#8220;tag:div&#8220; font_options=&#8220;tag:div&#8220; use_google_fonts=&#8220;show&#8220; custom_fonts=&#8220;font_family:Libre%20Baskerville%3Aregular%2Citalic%2C700|font_style:400%20regular%3A400%3Anormal&#8220; tutorials=&#8220;&#8220;][dfd_spacer screen_wide_spacer_size=&#8220;40&#8243; screen_normal_resolution=&#8220;1024&#8243; screen_tablet_resolution=&#8220;800&#8243; screen_mobile_resolution=&#8220;480&#8243; screen_normal_spacer_size=&#8220;30&#8243; screen_tablet_spacer_size=&#8220;20&#8243; screen_mobile_spacer_size=&#8220;20&#8243;][\/vc_column][\/vc_row][vc_row][vc_column width=&#8220;1\/2&#8243; css=&#8220;.vc_custom_1701951328333{padding-right: 30px !important;padding-bottom: 30px !important;padding-left: 30px !important;}&#8220; col_shadow=&#8220;box_shadow_enable:disable|shadow_horizontal:0|shadow_vertical:15|shadow_blur:50|shadow_spread:0|box_shadow_color:rgba(0%2C0%2C0%2C0.35)&#8220; col_shadow_hover=&#8220;box_shadow_enable:disable|shadow_horizontal:0|shadow_vertical:15|shadow_blur:50|shadow_spread:0|box_shadow_color:rgba(0%2C0%2C0%2C0.35)&#8220;][dfd_info_banner content_alignment=&#8220;text-left&#8220; img_width=&#8220;800&#8243; img_height=&#8220;700&#8243; title=&#8220;Spenden Sie jetzt per Kreditkarte&#8220; subtitle=&#8220;&#8220; banner_content=&#8220;&#8220; image=&#8220;3344&#8243; title_font_options=&#8220;tag:div|font_size:24|color:%23000000|line_height:34|letter_spacing:0&#8243; subtitle_font_options=&#8220;tag:div&#8220; font_options=&#8220;tag:div&#8220; use_google_fonts=&#8220;show&#8220; custom_fonts=&#8220;font_family:Libre%20Baskerville%3Aregular%2Citalic%2C700|font_style:400%20regular%3A400%3Anormal&#8220; tutorials=&#8220;&#8220;][vc_column_text css=&#8220;.vc_custom_1774274661779{margin-top: 10px !important;}&#8220;]<style type=\"text\/css\" media=\"screen\">\n@media only screen and (max-width: 768px) {\n\t.campaign-loop.campaign-grid.masonry { -moz-column-count: 1; -webkit-column-count: 1; column-count: 1; }\n\t.campaign-loop.campaign-grid .campaign,.campaign-loop.campaign-grid .campaign.hentry { width: 100% !important; }\n}\n<\/style>\n\t\t<ol class=\"campaign-loop campaign-grid campaign-grid-2\">\n\n<li id=\"campaign-5465\" class=\"post-5465 campaign type-campaign status-publish hentry campaign-has-no-goal campaign-is-endless\">\n\t<a href=\"https:\/\/www.fondazionecorippo.ch\/de\/campaigns\/sostieni-le-attivita-della-fondazione\/\">\n\t\t\n\t\t<h3>Dona con carta di Credito o Bonifico bancario<\/h3>\n\n\t\t\t<\/a>\n\t<div class=\"campaign-description\">\n\t<p>Il nostro conto&nbsp;&nbsp;&nbsp;1223078Y0008IBAN&nbsp;&nbsp;&nbsp;&nbsp;&nbsp;&nbsp;&nbsp;&nbsp;&nbsp;&nbsp;&nbsp;&nbsp;CH48&nbsp;0076&nbsp;4122&nbsp;3078&nbsp;Y000&nbsp;8<\/p>\n<\/div>\n<div class=\"campaign-donation-stats\">\n<span class=\"amount\">&#67;&#72;&#70;0.00<\/span> gespendet<\/div>\n<div class=\"campaign-donation\">\n\t<a data-trigger-modal=\"charitable-donation-form-modal-loop\"\n\t\tdata-campaign-id=\"5465\"\n\t\tclass=\"button charitable-button donate-button button-primary\"\n\t\thref=\"https:\/\/www.fondazionecorippo.ch\/de\/campaigns\/sostieni-le-attivita-della-fondazione\/donate\/\"\n\t\t\t\taria-label=\"Spende f\u00fcr Dona con carta di Credito o Bonifico bancario\">\n\t\tSpende\t<\/a>\n<\/div>\n<\/li>\n<\/ol>\n[\/vc_column_text][dfd_spacer screen_wide_spacer_size=&#8220;40&#8243; screen_normal_resolution=&#8220;1024&#8243; screen_tablet_resolution=&#8220;800&#8243; screen_mobile_resolution=&#8220;480&#8243; screen_normal_spacer_size=&#8220;30&#8243; screen_tablet_spacer_size=&#8220;20&#8243; screen_mobile_spacer_size=&#8220;20&#8243;][\/vc_column][vc_column width=&#8220;1\/2&#8243; css=&#8220;.vc_custom_1774269420678{padding-right: 30px !important;padding-bottom: 30px !important;padding-left: 30px !important;}&#8220; col_shadow=&#8220;box_shadow_enable:disable|shadow_horizontal:0|shadow_vertical:15|shadow_blur:50|shadow_spread:0|box_shadow_color:rgba(0%2C0%2C0%2C0.35)&#8220; col_shadow_hover=&#8220;box_shadow_enable:disable|shadow_horizontal:0|shadow_vertical:15|shadow_blur:50|shadow_spread:0|box_shadow_color:rgba(0%2C0%2C0%2C0.35)&#8220;][dfd_info_banner content_alignment=&#8220;text-left&#8220; img_width=&#8220;800&#8243; img_height=&#8220;700&#8243; title=&#8220;Spenden Sie jetzt per Bank\u00fcberweisung&#8220; subtitle=&#8220;&#8220; banner_content=&#8220;&#8220; image=&#8220;370&#8243; title_font_options=&#8220;tag:div|font_size:24|color:%23000000|line_height:34|letter_spacing:0&#8243; subtitle_font_options=&#8220;tag:div&#8220; font_options=&#8220;tag:div&#8220; use_google_fonts=&#8220;show&#8220; custom_fonts=&#8220;font_family:Libre%20Baskerville%3Aregular%2Citalic%2C700|font_style:400%20regular%3A400%3Anormal&#8220; tutorials=&#8220;&#8220;][vc_column_text css=&#8220;.vc_custom_1774276907642{margin-top: 10px !important;}&#8220;]<\/p>\n<div>Unser Konto \u00a0 \u00a0 \u00a0 \u00a0 \u00a0<strong>1223078Y0008<\/strong><\/div>\n<div>IBAN \u00a0 \u00a0 \u00a0 \u00a0 \u00a0 \u00a0 \u00a0 \u00a0 \u00a0 \u00a0 \u00a0<strong> CH48\u00a00076\u00a04122\u00a03078\u00a0Y000\u00a08<\/strong><\/div>\n<p>[\/vc_column_text][\/vc_column][\/vc_row][vc_row][vc_column][dfd_spacer screen_wide_spacer_size=&#8220;100&#8243; screen_normal_resolution=&#8220;1024&#8243; screen_tablet_resolution=&#8220;800&#8243; screen_mobile_resolution=&#8220;480&#8243; screen_normal_spacer_size=&#8220;100&#8243; screen_tablet_spacer_size=&#8220;100&#8243; screen_mobile_spacer_size=&#8220;100&#8243;][\/vc_column][\/vc_row]<\/p>\n<\/section>","protected":false},"excerpt":{"rendered":"<p>[vc_row][vc_column][dfd_spacer screen_wide_spacer_size=&#8220;150&#8243; screen_normal_resolution=&#8220;1024&#8243; screen_tablet_resolution=&#8220;800&#8243; screen_mobile_resolution=&#8220;480&#8243; screen_normal_spacer_size=&#8220;100&#8243; screen_tablet_spacer_size=&#8220;100&#8243; screen_mobile_spacer_size=&#8220;60&#8243;][\/vc_column][\/vc_row][vc_row][vc_column css=&#8220;.vc_custom_1573718206784{padding-right: 30px !important;padding-left: 30px !important;}&#8220; col_shadow=&#8220;box_shadow_enable:disable|shadow_horizontal:0|shadow_vertical:15|shadow_blur:50|shadow_spread:0|box_shadow_color:rgba(0%2C0%2C0%2C0.35)&#8220; col_shadow_hover=&#8220;box_shadow_enable:disable|shadow_horizontal:0|shadow_vertical:15|shadow_blur:50|shadow_spread:0|box_shadow_color:rgba(0%2C0%2C0%2C0.35)&#8220;][dfd_heading subtitle=&#8220;&#8220; content_alignment=&#8220;text-left&#8220; enable_delimiter=&#8220;&#8220; undefined=&#8220;&#8220; title_font_options=&#8220;tag:h1&#8243; subtitle_font_options=&#8220;tag:div|font_size:21|color:%23000000|line_height:30|letter_spacing:0&#8243; title_responsive=&#8220;font_size_mobile:40|line_height_mobile:45|letter_spacing_mobile:0&#8243; subtitle_google_fonts=&#8220;yes&#8220; subtitle_custom_fonts=&#8220;font_family:Montserrat%3Aregular%2C700|font_style:400%20regular%3A400%3Anormal&#8220;] Unterst\u00fctzen auch Sie die Aktivit\u00e4ten der<\/p>\n","protected":false},"author":1,"featured_media":0,"parent":0,"menu_order":0,"comment_status":"closed","ping_status":"closed","template":"","meta":{"inline_featured_image":false,"_monsterinsights_skip_tracking":false,"_monsterinsights_sitenote_active":false,"_monsterinsights_sitenote_note":"","_monsterinsights_sitenote_category":0,"footnotes":""},"class_list":["post-598","page","type-page","status-publish","hentry","campaign-has-no-goal","campaign-is-endless"],"aioseo_notices":[],"_links":{"self":[{"href":"https:\/\/www.fondazionecorippo.ch\/de\/wp-json\/wp\/v2\/pages\/598","targetHints":{"allow":["GET"]}}],"collection":[{"href":"https:\/\/www.fondazionecorippo.ch\/de\/wp-json\/wp\/v2\/pages"}],"about":[{"href":"https:\/\/www.fondazionecorippo.ch\/de\/wp-json\/wp\/v2\/types\/page"}],"author":[{"embeddable":true,"href":"https:\/\/www.fondazionecorippo.ch\/de\/wp-json\/wp\/v2\/users\/1"}],"replies":[{"embeddable":true,"href":"https:\/\/www.fondazionecorippo.ch\/de\/wp-json\/wp\/v2\/comments?post=598"}],"version-history":[{"count":32,"href":"https:\/\/www.fondazionecorippo.ch\/de\/wp-json\/wp\/v2\/pages\/598\/revisions"}],"predecessor-version":[{"id":5533,"href":"https:\/\/www.fondazionecorippo.ch\/de\/wp-json\/wp\/v2\/pages\/598\/revisions\/5533"}],"wp:attachment":[{"href":"https:\/\/www.fondazionecorippo.ch\/de\/wp-json\/wp\/v2\/media?parent=598"}],"curies":[{"name":"wp","href":"https:\/\/api.w.org\/{rel}","templated":true}]}}