{"id":3158,"date":"2023-12-07T09:40:58","date_gmt":"2023-12-07T09:40:58","guid":{"rendered":"https:\/\/www.fondazionecorippo.ch\/foundation\/"},"modified":"2025-01-29T23:24:36","modified_gmt":"2025-01-29T23:24:36","slug":"foundation","status":"publish","type":"page","link":"https:\/\/www.fondazionecorippo.ch\/fr\/foundation\/","title":{"rendered":"Foundation"},"content":{"rendered":"<section class=\"wpb-content-wrapper\"><p>[vc_row][vc_column width=\u00a0\u00bb1\/2&Prime; col_shadow=\u00a0\u00bbbox_shadow_enable:disable|shadow_horizontal:0|shadow_vertical:15|shadow_blur:50|shadow_spread:0|box_shadow_color:rgba(0%2C0%2C0%2C0.35)\u00a0\u00bb col_shadow_hover=\u00a0\u00bbbox_shadow_enable:disable|shadow_horizontal:0|shadow_vertical:15|shadow_blur:50|shadow_spread:0|box_shadow_color:rgba(0%2C0%2C0%2C0.35)\u00a0\u00bb]\n\t\t\t<!-- START fondazione REVOLUTION SLIDER 6.7.35 --><p class=\"rs-p-wp-fix\"><\/p>\n\t\t\t<rs-module-wrap id=\"rev_slider_3_1_wrapper\" data-source=\"gallery\" style=\"visibility:hidden;background:transparent;padding:0;margin:0px auto;margin-top:0;margin-bottom:0;\">\n\t\t\t\t<rs-module id=\"rev_slider_3_1\" style=\"\" data-version=\"6.7.35\">\n\t\t\t\t\t<rs-slides style=\"overflow: hidden; position: absolute;\">\n\t\t\t\t\t\t<rs-slide style=\"position: absolute;\" data-key=\"rs-3\" data-title=\"Slide\" data-anim=\"ms:1000;r:0;\" data-in=\"o:0;\" data-out=\"a:false;\">\n\t\t\t\t\t\t\t<img decoding=\"async\" src=\"\/\/www.fondazionecorippo.ch\/wp-content\/plugins\/revslider\/sr6\/assets\/assets\/dummy.png\" alt=\"Slide\" title=\"Foundation\" class=\"rev-slidebg tp-rs-img rs-lazyload\" data-lazyload=\"\/\/www.fondazionecorippo.ch\/wp-content\/plugins\/revslider\/sr6\/assets\/assets\/transparent.png\" data-no-retina>\n<!--\n\t\t\t\t\t\t\t--><rs-layer\n\t\t\t\t\t\t\t\tid=\"slider-3-slide-3-layer-5\" \n\t\t\t\t\t\t\t\tdata-type=\"image\"\n\t\t\t\t\t\t\t\tdata-rsp_ch=\"on\"\n\t\t\t\t\t\t\t\tdata-xy=\"x:l,l,c,c;yo:100px,100px,50px,30px;\"\n\t\t\t\t\t\t\t\tdata-text=\"w:normal;s:20,16,8,4;l:0,20,10,6;\"\n\t\t\t\t\t\t\t\tdata-dim=\"w:50%,50%,90%,95%;\"\n\t\t\t\t\t\t\t\tdata-basealign=\"slide\"\n\t\t\t\t\t\t\t\tdata-padding=\"r:30,0,0,0;l:30,0,0,0;\"\n\t\t\t\t\t\t\t\tdata-frame_0=\"sX:0.9;sY:0.9;\"\n\t\t\t\t\t\t\t\tdata-frame_1=\"e:power1.in;sp:3000;\"\n\t\t\t\t\t\t\t\tdata-frame_999=\"o:0;st:w;\"\n\t\t\t\t\t\t\t\tstyle=\"z-index:12;\"\n\t\t\t\t\t\t\t><img decoding=\"async\" src=\"\/\/www.fondazionecorippo.ch\/wp-content\/plugins\/revslider\/sr6\/assets\/assets\/dummy.png\" alt=\"\" class=\"tp-rs-img rs-lazyload\" width=\"2000\" height=\"2050\" data-lazyload=\"\/\/www.fondazionecorippo.ch\/wp-content\/uploads\/2019\/10\/fondazione_corippo_disegno_fondazione.jpg\" data-no-retina> \n\t\t\t\t\t\t\t<\/rs-layer><!--\n-->\t\t\t\t\t<\/rs-slide>\n\t\t\t\t\t<\/rs-slides>\n\t\t\t\t<\/rs-module>\n\t\t\t\t<script>\n\t\t\t\t\tsetREVStartSize({c: 'rev_slider_3_1',rl:[1240,1024,778,480],el:[1500,1000,780,540],gw:[2000,1600,800,480],gh:[1500,1000,780,540],type:'hero',justify:'',layout:'fullwidth',mh:\"0\"});if (window.RS_MODULES!==undefined && window.RS_MODULES.modules!==undefined && window.RS_MODULES.modules[\"revslider31\"]!==undefined) {window.RS_MODULES.modules[\"revslider31\"].once = false;window.revapi3 = undefined;if (window.RS_MODULES.checkMinimal!==undefined) window.RS_MODULES.checkMinimal()}\n\t\t\t\t<\/script>\n\t\t\t<\/rs-module-wrap>\n\t\t\t<!-- END REVOLUTION SLIDER -->\n[\/vc_column][vc_column width=\u00a0\u00bb1\/2&Prime; css=\u00a0\u00bb.vc_custom_1572354223871{padding-right: 30px !important;padding-left: 30px !important;}\u00a0\u00bb col_shadow=\u00a0\u00bbbox_shadow_enable:disable|shadow_horizontal:0|shadow_vertical:15|shadow_blur:50|shadow_spread:0|box_shadow_color:rgba(0%2C0%2C0%2C0.35)\u00a0\u00bb col_shadow_hover=\u00a0\u00bbbox_shadow_enable:disable|shadow_horizontal:0|shadow_vertical:15|shadow_blur:50|shadow_spread:0|box_shadow_color:rgba(0%2C0%2C0%2C0.35)\u00a0\u00bb][dfd_spacer screen_wide_spacer_size=\u00a0\u00bb250&Prime; screen_normal_resolution=\u00a0\u00bb1024&Prime; screen_tablet_resolution=\u00a0\u00bb800&Prime; screen_mobile_resolution=\u00a0\u00bb480&Prime; screen_normal_spacer_size=\u00a0\u00bb200&Prime; screen_tablet_spacer_size=\u00a0\u00bb50&Prime; screen_mobile_spacer_size=\u00a0\u00bb50&Prime;][dfd_heading subtitle=\u00a0\u00bb\u00a0\u00bb content_alignment=\u00a0\u00bbtext-left\u00a0\u00bb enable_delimiter=\u00a0\u00bb\u00a0\u00bb heading_margin=\u00a0\u00bbmargin-bottom:15&Prime; undefined=\u00a0\u00bb\u00a0\u00bb title_font_options=\u00a0\u00bbtag:h1&Prime; subtitle_font_options=\u00a0\u00bbtag:div\u00a0\u00bb title_responsive=\u00a0\u00bbfont_size_mobile:40|line_height_mobile:45|letter_spacing_mobile:0&Prime;]Fondazione Corippo 1975[\/dfd_heading][vc_column_text]En 1975, \u00e0 l\u2019occasion de l\u2019Ann\u00e9e europ\u00e9enne du patrimoine architectural, le village tessinois de Corippo a \u00e9t\u00e9 class\u00e9 par la Conf\u00e9d\u00e9ration et le canton du Tessin comme monument historique digne d\u2019\u00eatre pr\u00e9serv\u00e9 et revitalis\u00e9. Afin de concr\u00e9tiser cette volont\u00e9 politique, la Conf\u00e9d\u00e9ration, le canton du Tessin et la commune de Corippo ont, le 9 juin 1976, cr\u00e9\u00e9 la Fondation Corippo 1975. Aujourd\u2019hui, cette derni\u00e8re se pr\u00e9sente avec un nouveau projet de relance. Gr\u00e2ce \u00e0 une \u00e9troite collaboration avec les autorit\u00e9s r\u00e9gionales, la fondation est proche des r\u00e9alit\u00e9s socioculturelles locales et contribue, de mani\u00e8re coordonn\u00e9e et selon une vision commune, au d\u00e9veloppement de toute la vall\u00e9e du Val Verzasca.<\/p>\n<p>&nbsp;<\/p>\n<p>[\/vc_column_text][vc_column_text]<\/p>\n<p class=\"p1\"><strong><span class=\"s1\">Organisation<\/span><\/strong><\/p>\n<div>\n<p><span lang=\"FR-CH\">La \u00ab\u00a0Fondation Corippo 1975\u00a0\u00bb est reconnue comme une organisation<\/span> <span lang=\"FR-CH\">d&rsquo;utilit\u00e9 publique \u00e0 but non lucratif. Les membres du conseil de fondation, ainsi que le secr\u00e9taire, travaillent \u00e0 titre b\u00e9n\u00e9vole.<\/span><\/p>\n<\/div>\n<p>[\/vc_column_text][vc_column_text]<\/p>\n<div>\n<p>&nbsp;<\/p>\n<p><b><span lang=\"FR-CH\">Activit\u00e9s et projets futurs<\/span><\/b><\/p>\n<p>Le but de la Fondation est de revitaliser et de promouvoir Corippo, village class\u00e9 d&rsquo;importance nationale, et ce en prot\u00e9geant et en valorisant ses caract\u00e9ristiques historiques, architecturales, urbanistiques et paysag\u00e8res exceptionnelles. Il est donc pr\u00e9vu de mettre en \u0153uvre des projets de restauration et de valorisation d\u2019autres b\u00e2timents, espaces publics et objets historiques, culturels et ethnographiques du village. Les autres domaines d&rsquo;action de la Fondation concernent la coordination des diff\u00e9rents projets, leur gestion administrative et financi\u00e8re, l&rsquo;entretien des b\u00e2timents et des objets, la mise en valeur du paysage traditionnel autour du village, la cr\u00e9ation de sentiers didactiques, l&rsquo;organisation d&rsquo;\u00e9v\u00e9nements culturels, les activit\u00e9s de promotion, d&rsquo;information, de communication et de collecte de fonds.<\/p>\n<\/div>\n<p>&nbsp;<\/p>\n<p>[\/vc_column_text][vc_column_text]<\/p>\n<p class=\"p1\"><strong><span class=\"s1\">Conseil de fondation<\/span><\/strong><\/p>\n<p class=\"p2\"><span class=\"s1\">Pr\u00e9sident:<br \/>\nMarco Molinari<\/span><\/p>\n<p class=\"p2\"><span class=\"s1\">Vice-pr\u00e9sident:<br \/>\nTiziana Zaninelli<\/span><\/p>\n<p class=\"p2\"><span class=\"s1\">Membres:<br \/>\nAlfio Bordoli, Ivo Bordoli, Fabio Regazzi, Raffaele Scolari, Luciano Tenconi, Damiano Vignuta<br \/>\n<\/span><\/p>\n<p class=\"p3\"><span class=\"s1\">Secr\u00e9taire<br \/>\nAlfio Bordoli<br \/>\n<\/span><\/p>\n<p>[\/vc_column_text][\/vc_column][\/vc_row][vc_row][vc_column][dfd_spacer screen_wide_spacer_size=\u00a0\u00bb100&Prime; screen_normal_resolution=\u00a0\u00bb1024&Prime; screen_tablet_resolution=\u00a0\u00bb800&Prime; screen_mobile_resolution=\u00a0\u00bb480&Prime; screen_normal_spacer_size=\u00a0\u00bb100&Prime; screen_tablet_spacer_size=\u00a0\u00bb100&Prime; screen_mobile_spacer_size=\u00a0\u00bb100&Prime;][\/vc_column][\/vc_row]<\/p>\n<\/section>","protected":false},"excerpt":{"rendered":"<p>[vc_row][vc_column width=\u00a0\u00bb1\/2&Prime; col_shadow=\u00a0\u00bbbox_shadow_enable:disable|shadow_horizontal:0|shadow_vertical:15|shadow_blur:50|shadow_spread:0|box_shadow_color:rgba(0%2C0%2C0%2C0.35)\u00a0\u00bb col_shadow_hover=\u00a0\u00bbbox_shadow_enable:disable|shadow_horizontal:0|shadow_vertical:15|shadow_blur:50|shadow_spread:0|box_shadow_color:rgba(0%2C0%2C0%2C0.35)\u00a0\u00bb][\/vc_column][vc_column width=\u00a0\u00bb1\/2&Prime; css=\u00a0\u00bb.vc_custom_1572354223871{padding-right: 30px !important;padding-left: 30px !important;}\u00a0\u00bb col_shadow=\u00a0\u00bbbox_shadow_enable:disable|shadow_horizontal:0|shadow_vertical:15|shadow_blur:50|shadow_spread:0|box_shadow_color:rgba(0%2C0%2C0%2C0.35)\u00a0\u00bb col_shadow_hover=\u00a0\u00bbbox_shadow_enable:disable|shadow_horizontal:0|shadow_vertical:15|shadow_blur:50|shadow_spread:0|box_shadow_color:rgba(0%2C0%2C0%2C0.35)\u00a0\u00bb][dfd_spacer screen_wide_spacer_size=\u00a0\u00bb250&Prime; screen_normal_resolution=\u00a0\u00bb1024&Prime; screen_tablet_resolution=\u00a0\u00bb800&Prime; screen_mobile_resolution=\u00a0\u00bb480&Prime; screen_normal_spacer_size=\u00a0\u00bb200&Prime; screen_tablet_spacer_size=\u00a0\u00bb50&Prime; screen_mobile_spacer_size=\u00a0\u00bb50&Prime;][dfd_heading subtitle=\u00a0\u00bb\u00a0\u00bb content_alignment=\u00a0\u00bbtext-left\u00a0\u00bb enable_delimiter=\u00a0\u00bb\u00a0\u00bb heading_margin=\u00a0\u00bbmargin-bottom:15&Prime; undefined=\u00a0\u00bb\u00a0\u00bb title_font_options=\u00a0\u00bbtag:h1&Prime; subtitle_font_options=\u00a0\u00bbtag:div\u00a0\u00bb title_responsive=\u00a0\u00bbfont_size_mobile:40|line_height_mobile:45|letter_spacing_mobile:0&Prime;]Fondazione Corippo 1975[\/dfd_heading][vc_column_text]En 1975,<\/p>\n","protected":false},"author":1,"featured_media":0,"parent":0,"menu_order":0,"comment_status":"closed","ping_status":"closed","template":"tmp-page.php","meta":{"inline_featured_image":false,"_monsterinsights_skip_tracking":false,"_monsterinsights_sitenote_active":false,"_monsterinsights_sitenote_note":"","_monsterinsights_sitenote_category":0,"footnotes":""},"class_list":["post-3158","page","type-page","status-publish","hentry"],"aioseo_notices":[],"_links":{"self":[{"href":"https:\/\/www.fondazionecorippo.ch\/fr\/wp-json\/wp\/v2\/pages\/3158","targetHints":{"allow":["GET"]}}],"collection":[{"href":"https:\/\/www.fondazionecorippo.ch\/fr\/wp-json\/wp\/v2\/pages"}],"about":[{"href":"https:\/\/www.fondazionecorippo.ch\/fr\/wp-json\/wp\/v2\/types\/page"}],"author":[{"embeddable":true,"href":"https:\/\/www.fondazionecorippo.ch\/fr\/wp-json\/wp\/v2\/users\/1"}],"replies":[{"embeddable":true,"href":"https:\/\/www.fondazionecorippo.ch\/fr\/wp-json\/wp\/v2\/comments?post=3158"}],"version-history":[{"count":12,"href":"https:\/\/www.fondazionecorippo.ch\/fr\/wp-json\/wp\/v2\/pages\/3158\/revisions"}],"predecessor-version":[{"id":4952,"href":"https:\/\/www.fondazionecorippo.ch\/fr\/wp-json\/wp\/v2\/pages\/3158\/revisions\/4952"}],"wp:attachment":[{"href":"https:\/\/www.fondazionecorippo.ch\/fr\/wp-json\/wp\/v2\/media?parent=3158"}],"curies":[{"name":"wp","href":"https:\/\/api.w.org\/{rel}","templated":true}]}}