{"id":622,"date":"2019-11-21T13:29:27","date_gmt":"2019-11-21T13:29:27","guid":{"rendered":"http:\/\/www2.fondazionecorippo.ch\/donazione\/"},"modified":"2026-03-23T14:44:59","modified_gmt":"2026-03-23T14:44:59","slug":"donazione","status":"publish","type":"page","link":"https:\/\/www.fondazionecorippo.ch\/fr\/donazione\/","title":{"rendered":"Don"},"content":{"rendered":"<section class=\"wpb-content-wrapper\"><p>[vc_row][vc_column][dfd_spacer screen_wide_spacer_size=\u00a0\u00bb150&Prime; screen_normal_resolution=\u00a0\u00bb1024&Prime; screen_tablet_resolution=\u00a0\u00bb800&Prime; screen_mobile_resolution=\u00a0\u00bb480&Prime; screen_normal_spacer_size=\u00a0\u00bb100&Prime; screen_tablet_spacer_size=\u00a0\u00bb100&Prime; screen_mobile_spacer_size=\u00a0\u00bb60&Prime;][\/vc_column][\/vc_row][vc_row][vc_column css=\u00a0\u00bb.vc_custom_1573718206784{padding-right: 30px !important;padding-left: 30px !important;}\u00a0\u00bb col_shadow=\u00a0\u00bbbox_shadow_enable:disable|shadow_horizontal:0|shadow_vertical:15|shadow_blur:50|shadow_spread:0|box_shadow_color:rgba(0%2C0%2C0%2C0.35)\u00a0\u00bb col_shadow_hover=\u00a0\u00bbbox_shadow_enable:disable|shadow_horizontal:0|shadow_vertical:15|shadow_blur:50|shadow_spread:0|box_shadow_color:rgba(0%2C0%2C0%2C0.35)\u00a0\u00bb][dfd_heading subtitle=\u00a0\u00bb\u00a0\u00bb content_alignment=\u00a0\u00bbtext-left\u00a0\u00bb enable_delimiter=\u00a0\u00bb\u00a0\u00bb undefined=\u00a0\u00bb\u00a0\u00bb title_font_options=\u00a0\u00bbtag:h1&Prime; subtitle_font_options=\u00a0\u00bbtag:div|font_size:21|color:%23000000|line_height:30|letter_spacing:0&Prime; title_responsive=\u00a0\u00bbfont_size_mobile:40|line_height_mobile:45|letter_spacing_mobile:0&Prime; subtitle_google_fonts=\u00a0\u00bbyes\u00a0\u00bb subtitle_custom_fonts=\u00a0\u00bbfont_family:Montserrat%3Aregular%2C700|font_style:400%20regular%3A400%3Anormal\u00a0\u00bb]Soutenir les activit\u00e9s de la Fondation[\/dfd_heading][vc_column_text css=\u00a0\u00bb.vc_custom_1704472273680{padding-bottom: 30px !important;}\u00a0\u00bb]<\/p>\n<h4>Corippo:<strong> le village le plus gentil <\/strong><b><span lang=\"FR-CH\">et le plus pr\u00e9cieux <\/span><\/b><strong>de la Valle Verzasca<\/strong><\/h4>\n<p>Ceux qui n&rsquo;y sont jamais all\u00e9s et qui profitent de l&rsquo;occasion pour le visiter pour premi\u00e8re fois, ceux qui aiment Corippo et qui veulent le montrer \u00e0 leurs amis, et ceux qui sont les descendants d&rsquo;une famille qui a v\u00e9cu dans le village ou m\u00eame dans les chambres qui sont aujourd&rsquo;hui l&rsquo;Albergo Diffuso et qui veulent retracer les pas de leurs anc\u00eatres. Toutes ces personnes ont une bonne raison pour venir \u00e0 Corippo et profiter de la simplicit\u00e9, de la beaut\u00e9 et de la tranquillit\u00e9 de ce joyau de vieilles maisons en pierre accroch\u00e9es \u00e0 la montagne et si essentielles qu&rsquo;elles en sont \u00e9mouvantes.<\/p>\n<h4><strong>La fondation s&rsquo;engage \u00e0 faire en sorte que cela puisse continuer \u00e0 se produire<\/strong>.<\/h4>\n<p>Corippo est le village qui, plus que n\u2019importe quel autre, a su pr\u00e9server son caract\u00e8re historique. En raison de la valeur de son patrimoine architectural, le village a \u00e9t\u00e9 d\u00e9clar\u00e9 monument d&rsquo;importance nationale et est strictement prot\u00e9g\u00e9. Corippo est donc une localit\u00e9 digne d&rsquo;\u00eatre pr\u00e9serv\u00e9e et revitalis\u00e9e, et c&rsquo;est pr\u00e9cis\u00e9ment le but de la Fondation Corippo, qui fonctionne gr\u00e2ce au soutien de ceux qui aiment Corippo et en prennent soin de pr\u00e8s ou de loin, en collaborant avec des acteurs locaux tels que le Patriziato, la paroisse, la municipalit\u00e9 et d&rsquo;autres actifs dans la r\u00e9gion. Elle finance ses activit\u00e9s et ses projets gr\u00e2ce aux dons d&rsquo;organismes publics, d&rsquo;entreprises et de particuliers.<\/p>\n<p style=\"font-weight: 400;\"><strong>Pour atteindre ses objectifs, la Fondation Corippo agit \u00e0 trois niveaux:<\/strong><\/p>\n<ul>\n<li>la revitalisation du village, gr\u00e2ce \u00e0 la famille qui g\u00e8re l&rsquo;Albergo Diffuso et vit \u00e0 Corippo, et gr\u00e2ce au soutien d&rsquo;activit\u00e9s culturelles.<\/li>\n<li>la r\u00e9novation respectueuse du patrimoine culturel et b\u00e2ti.<\/li>\n<li>la gestion du paysage<\/li>\n<\/ul>\n<p style=\"font-weight: 400;\"><strong>La &lsquo;Fondazione Corippo 1975&rsquo; est reconnue d&rsquo;utilit\u00e9 publique, sans but lucratif. Le montant du don peut \u00eatre d\u00e9duit de ta d\u00e9claration d&rsquo;imp\u00f4ts.<\/strong><\/p>\n<p>[\/vc_column_text][dfd_heading subtitle=\u00a0\u00bb\u00a0\u00bb content_alignment=\u00a0\u00bbtext-left\u00a0\u00bb enable_delimiter=\u00a0\u00bb\u00a0\u00bb undefined=\u00a0\u00bb\u00a0\u00bb title_font_options=\u00a0\u00bbtag:h1&Prime; subtitle_font_options=\u00a0\u00bbtag:div|font_size:21|color:%23000000|line_height:30|letter_spacing:0&Prime; title_responsive=\u00a0\u00bbfont_size_mobile:40|line_height_mobile:45|letter_spacing_mobile:0&Prime; subtitle_google_fonts=\u00a0\u00bbyes\u00a0\u00bb subtitle_custom_fonts=\u00a0\u00bbfont_family:Montserrat%3Aregular%2C700|font_style:400%20regular%3A400%3Anormal\u00a0\u00bb heading_margin=\u00a0\u00bbmargin-top:20|margin-bottom:20&Prime; tutorials=\u00a0\u00bb\u00a0\u00bb]<\/p>\n<h1>Vous-aussi, vous peux donner un coup de main<\/h1>\n<p>[\/dfd_heading][\/vc_column][\/vc_row][vc_row][vc_column css=\u00a0\u00bb.vc_custom_1701951328333{padding-right: 30px !important;padding-bottom: 30px !important;padding-left: 30px !important;}\u00a0\u00bb col_shadow=\u00a0\u00bbbox_shadow_enable:disable|shadow_horizontal:0|shadow_vertical:15|shadow_blur:50|shadow_spread:0|box_shadow_color:rgba(0%2C0%2C0%2C0.35)\u00a0\u00bb col_shadow_hover=\u00a0\u00bbbox_shadow_enable:disable|shadow_horizontal:0|shadow_vertical:15|shadow_blur:50|shadow_spread:0|box_shadow_color:rgba(0%2C0%2C0%2C0.35)\u00a0\u00bb][dfd_info_banner content_alignment=\u00a0\u00bbtext-left\u00a0\u00bb img_width=\u00a0\u00bb1087&Prime; img_height=\u00a0\u00bb496&Prime; title=\u00a0\u00bb\u00a0\u00bb subtitle=\u00a0\u00bb\u00a0\u00bb banner_content=\u00a0\u00bb\u00a0\u00bb image=\u00a0\u00bb3052&Prime; title_font_options=\u00a0\u00bbtag:div|font_size:24|color:%23000000|line_height:34|letter_spacing:0&Prime; subtitle_font_options=\u00a0\u00bbtag:div\u00a0\u00bb font_options=\u00a0\u00bbtag:div\u00a0\u00bb use_google_fonts=\u00a0\u00bbshow\u00a0\u00bb custom_fonts=\u00a0\u00bbfont_family:Libre%20Baskerville%3Aregular%2Citalic%2C700|font_style:400%20regular%3A400%3Anormal\u00a0\u00bb tutorials=\u00a0\u00bb\u00a0\u00bb][dfd_spacer screen_wide_spacer_size=\u00a0\u00bb40&Prime; screen_normal_resolution=\u00a0\u00bb1024&Prime; screen_tablet_resolution=\u00a0\u00bb800&Prime; screen_mobile_resolution=\u00a0\u00bb480&Prime; screen_normal_spacer_size=\u00a0\u00bb30&Prime; screen_tablet_spacer_size=\u00a0\u00bb20&Prime; screen_mobile_spacer_size=\u00a0\u00bb20&Prime;][\/vc_column][\/vc_row][vc_row][vc_column width=\u00a0\u00bb1\/2&Prime; css=\u00a0\u00bb.vc_custom_1701951328333{padding-right: 30px !important;padding-bottom: 30px !important;padding-left: 30px !important;}\u00a0\u00bb col_shadow=\u00a0\u00bbbox_shadow_enable:disable|shadow_horizontal:0|shadow_vertical:15|shadow_blur:50|shadow_spread:0|box_shadow_color:rgba(0%2C0%2C0%2C0.35)\u00a0\u00bb col_shadow_hover=\u00a0\u00bbbox_shadow_enable:disable|shadow_horizontal:0|shadow_vertical:15|shadow_blur:50|shadow_spread:0|box_shadow_color:rgba(0%2C0%2C0%2C0.35)\u00a0\u00bb][dfd_info_banner content_alignment=\u00a0\u00bbtext-left\u00a0\u00bb img_width=\u00a0\u00bb800&Prime; img_height=\u00a0\u00bb700&Prime; title=\u00a0\u00bbFaire un don par carte de cr\u00e9dit\u00a0\u00bb subtitle=\u00a0\u00bb\u00a0\u00bb banner_content=\u00a0\u00bb\u00a0\u00bb image=\u00a0\u00bb3344&Prime; title_font_options=\u00a0\u00bbtag:div|font_size:24|color:%23000000|line_height:34|letter_spacing:0&Prime; subtitle_font_options=\u00a0\u00bbtag:div\u00a0\u00bb font_options=\u00a0\u00bbtag:div\u00a0\u00bb use_google_fonts=\u00a0\u00bbshow\u00a0\u00bb custom_fonts=\u00a0\u00bbfont_family:Libre%20Baskerville%3Aregular%2Citalic%2C700|font_style:400%20regular%3A400%3Anormal\u00a0\u00bb tutorials=\u00a0\u00bb\u00a0\u00bb][vc_column_text css=\u00a0\u00bb.vc_custom_1774274661779{margin-top: 10px !important;}\u00a0\u00bb]<style type=\"text\/css\" media=\"screen\">\n@media only screen and (max-width: 768px) {\n\t.campaign-loop.campaign-grid.masonry { -moz-column-count: 1; -webkit-column-count: 1; column-count: 1; }\n\t.campaign-loop.campaign-grid .campaign,.campaign-loop.campaign-grid .campaign.hentry { width: 100% !important; }\n}\n<\/style>\n\t\t<ol class=\"campaign-loop campaign-grid campaign-grid-2\">\n\n<li id=\"campaign-5465\" class=\"post-5465 campaign type-campaign status-publish hentry campaign-has-no-goal campaign-is-endless\">\n\t<a href=\"https:\/\/www.fondazionecorippo.ch\/fr\/campaigns\/sostieni-le-attivita-della-fondazione\/\">\n\t\t\n\t\t<h3>Dona con carta di Credito o Bonifico bancario<\/h3>\n\n\t\t\t<\/a>\n\t<div class=\"campaign-description\">\n\t<p>Il nostro conto&nbsp;&nbsp;&nbsp;1223078Y0008IBAN&nbsp;&nbsp;&nbsp;&nbsp;&nbsp;&nbsp;&nbsp;&nbsp;&nbsp;&nbsp;&nbsp;&nbsp;CH48&nbsp;0076&nbsp;4122&nbsp;3078&nbsp;Y000&nbsp;8<\/p>\n<\/div>\n<div class=\"campaign-donation-stats\">\n<span class=\"amount\">&#67;&#72;&#70;0.00<\/span> atteint<\/div>\n<div class=\"campaign-donation\">\n\t<a data-trigger-modal=\"charitable-donation-form-modal-loop\"\n\t\tdata-campaign-id=\"5465\"\n\t\tclass=\"button charitable-button donate-button button-primary\"\n\t\thref=\"https:\/\/www.fondazionecorippo.ch\/fr\/campaigns\/sostieni-le-attivita-della-fondazione\/donate\/\"\n\t\t\t\taria-label=\"Faire un don \u00e0 Dona con carta di Credito o Bonifico bancario\">\n\t\tParticiper\t<\/a>\n<\/div>\n<\/li>\n<\/ol>\n[\/vc_column_text][dfd_spacer screen_wide_spacer_size=\u00a0\u00bb40&Prime; screen_normal_resolution=\u00a0\u00bb1024&Prime; screen_tablet_resolution=\u00a0\u00bb800&Prime; screen_mobile_resolution=\u00a0\u00bb480&Prime; screen_normal_spacer_size=\u00a0\u00bb30&Prime; screen_tablet_spacer_size=\u00a0\u00bb20&Prime; screen_mobile_spacer_size=\u00a0\u00bb20&Prime;][\/vc_column][vc_column width=\u00a0\u00bb1\/2&Prime; css=\u00a0\u00bb.vc_custom_1774269420678{padding-right: 30px !important;padding-bottom: 30px !important;padding-left: 30px !important;}\u00a0\u00bb col_shadow=\u00a0\u00bbbox_shadow_enable:disable|shadow_horizontal:0|shadow_vertical:15|shadow_blur:50|shadow_spread:0|box_shadow_color:rgba(0%2C0%2C0%2C0.35)\u00a0\u00bb col_shadow_hover=\u00a0\u00bbbox_shadow_enable:disable|shadow_horizontal:0|shadow_vertical:15|shadow_blur:50|shadow_spread:0|box_shadow_color:rgba(0%2C0%2C0%2C0.35)\u00a0\u00bb][dfd_info_banner content_alignment=\u00a0\u00bbtext-left\u00a0\u00bb img_width=\u00a0\u00bb800&Prime; img_height=\u00a0\u00bb700&Prime; title=\u00a0\u00bbFaire un don par virement bancaire\u00a0\u00bb subtitle=\u00a0\u00bb\u00a0\u00bb banner_content=\u00a0\u00bb\u00a0\u00bb image=\u00a0\u00bb370&Prime; title_font_options=\u00a0\u00bbtag:div|font_size:24|color:%23000000|line_height:34|letter_spacing:0&Prime; subtitle_font_options=\u00a0\u00bbtag:div\u00a0\u00bb font_options=\u00a0\u00bbtag:div\u00a0\u00bb use_google_fonts=\u00a0\u00bbshow\u00a0\u00bb custom_fonts=\u00a0\u00bbfont_family:Libre%20Baskerville%3Aregular%2Citalic%2C700|font_style:400%20regular%3A400%3Anormal\u00a0\u00bb tutorials=\u00a0\u00bb\u00a0\u00bb][vc_column_text css=\u00a0\u00bb.vc_custom_1774276735026{margin-top: 10px !important;}\u00a0\u00bb]<\/p>\n<div>Notre compte \u00a0 \u00a0 \u00a0 \u00a0<strong>1223078Y0008<\/strong><\/div>\n<div>IBAN \u00a0 \u00a0 \u00a0 \u00a0 \u00a0 \u00a0 \u00a0 \u00a0 \u00a0 \u00a0 \u00a0<strong> CH48\u00a00076\u00a04122\u00a03078\u00a0Y000\u00a08<\/strong><\/div>\n<p>[\/vc_column_text][\/vc_column][\/vc_row][vc_row][vc_column][dfd_spacer screen_wide_spacer_size=\u00a0\u00bb100&Prime; screen_normal_resolution=\u00a0\u00bb1024&Prime; screen_tablet_resolution=\u00a0\u00bb800&Prime; screen_mobile_resolution=\u00a0\u00bb480&Prime; screen_normal_spacer_size=\u00a0\u00bb100&Prime; screen_tablet_spacer_size=\u00a0\u00bb100&Prime; screen_mobile_spacer_size=\u00a0\u00bb100&Prime;][\/vc_column][\/vc_row]<\/p>\n<\/section>","protected":false},"excerpt":{"rendered":"<p>[vc_row][vc_column][dfd_spacer screen_wide_spacer_size=\u00a0\u00bb150&Prime; screen_normal_resolution=\u00a0\u00bb1024&Prime; screen_tablet_resolution=\u00a0\u00bb800&Prime; screen_mobile_resolution=\u00a0\u00bb480&Prime; screen_normal_spacer_size=\u00a0\u00bb100&Prime; screen_tablet_spacer_size=\u00a0\u00bb100&Prime; screen_mobile_spacer_size=\u00a0\u00bb60&Prime;][\/vc_column][\/vc_row][vc_row][vc_column css=\u00a0\u00bb.vc_custom_1573718206784{padding-right: 30px !important;padding-left: 30px !important;}\u00a0\u00bb col_shadow=\u00a0\u00bbbox_shadow_enable:disable|shadow_horizontal:0|shadow_vertical:15|shadow_blur:50|shadow_spread:0|box_shadow_color:rgba(0%2C0%2C0%2C0.35)\u00a0\u00bb col_shadow_hover=\u00a0\u00bbbox_shadow_enable:disable|shadow_horizontal:0|shadow_vertical:15|shadow_blur:50|shadow_spread:0|box_shadow_color:rgba(0%2C0%2C0%2C0.35)\u00a0\u00bb][dfd_heading subtitle=\u00a0\u00bb\u00a0\u00bb content_alignment=\u00a0\u00bbtext-left\u00a0\u00bb enable_delimiter=\u00a0\u00bb\u00a0\u00bb undefined=\u00a0\u00bb\u00a0\u00bb title_font_options=\u00a0\u00bbtag:h1&Prime; subtitle_font_options=\u00a0\u00bbtag:div|font_size:21|color:%23000000|line_height:30|letter_spacing:0&Prime; title_responsive=\u00a0\u00bbfont_size_mobile:40|line_height_mobile:45|letter_spacing_mobile:0&Prime; subtitle_google_fonts=\u00a0\u00bbyes\u00a0\u00bb subtitle_custom_fonts=\u00a0\u00bbfont_family:Montserrat%3Aregular%2C700|font_style:400%20regular%3A400%3Anormal\u00a0\u00bb]Soutenir les activit\u00e9s de la Fondation[\/dfd_heading][vc_column_text css=\u00a0\u00bb.vc_custom_1704472273680{padding-bottom:<\/p>\n","protected":false},"author":1,"featured_media":0,"parent":0,"menu_order":0,"comment_status":"closed","ping_status":"closed","template":"","meta":{"inline_featured_image":false,"_monsterinsights_skip_tracking":false,"_monsterinsights_sitenote_active":false,"_monsterinsights_sitenote_note":"","_monsterinsights_sitenote_category":0,"footnotes":""},"class_list":["post-622","page","type-page","status-publish","hentry","campaign-has-no-goal","campaign-is-endless"],"aioseo_notices":[],"_links":{"self":[{"href":"https:\/\/www.fondazionecorippo.ch\/fr\/wp-json\/wp\/v2\/pages\/622","targetHints":{"allow":["GET"]}}],"collection":[{"href":"https:\/\/www.fondazionecorippo.ch\/fr\/wp-json\/wp\/v2\/pages"}],"about":[{"href":"https:\/\/www.fondazionecorippo.ch\/fr\/wp-json\/wp\/v2\/types\/page"}],"author":[{"embeddable":true,"href":"https:\/\/www.fondazionecorippo.ch\/fr\/wp-json\/wp\/v2\/users\/1"}],"replies":[{"embeddable":true,"href":"https:\/\/www.fondazionecorippo.ch\/fr\/wp-json\/wp\/v2\/comments?post=622"}],"version-history":[{"count":28,"href":"https:\/\/www.fondazionecorippo.ch\/fr\/wp-json\/wp\/v2\/pages\/622\/revisions"}],"predecessor-version":[{"id":5532,"href":"https:\/\/www.fondazionecorippo.ch\/fr\/wp-json\/wp\/v2\/pages\/622\/revisions\/5532"}],"wp:attachment":[{"href":"https:\/\/www.fondazionecorippo.ch\/fr\/wp-json\/wp\/v2\/media?parent=622"}],"curies":[{"name":"wp","href":"https:\/\/api.w.org\/{rel}","templated":true}]}}