{"id":634,"date":"2019-11-21T13:33:08","date_gmt":"2019-11-21T13:33:08","guid":{"rendered":"http:\/\/www2.fondazionecorippo.ch\/architecture-et-urbanisme\/"},"modified":"2020-01-13T09:56:36","modified_gmt":"2020-01-13T09:56:36","slug":"architecture-et-urbanisme","status":"publish","type":"page","link":"https:\/\/www.fondazionecorippo.ch\/fr\/architecture-et-urbanisme\/","title":{"rendered":"Architecture et urbanisme"},"content":{"rendered":"<section class=\"wpb-content-wrapper\"><p>[vc_row][vc_column width=\u00a0\u00bb1\/2&Prime; col_shadow=\u00a0\u00bbbox_shadow_enable:disable|shadow_horizontal:0|shadow_vertical:15|shadow_blur:50|shadow_spread:0|box_shadow_color:rgba(0%2C0%2C0%2C0.35)\u00a0\u00bb col_shadow_hover=\u00a0\u00bbbox_shadow_enable:disable|shadow_horizontal:0|shadow_vertical:15|shadow_blur:50|shadow_spread:0|box_shadow_color:rgba(0%2C0%2C0%2C0.35)\u00a0\u00bb]\n\t\t\t<!-- START architettura REVOLUTION SLIDER 6.7.35 --><p class=\"rs-p-wp-fix\"><\/p>\n\t\t\t<rs-module-wrap id=\"rev_slider_9_1_wrapper\" data-source=\"gallery\" style=\"visibility:hidden;background:transparent;padding:0;margin:0px auto;margin-top:0;margin-bottom:0;\">\n\t\t\t\t<rs-module id=\"rev_slider_9_1\" style=\"\" data-version=\"6.7.35\">\n\t\t\t\t\t<rs-slides style=\"overflow: hidden; position: absolute;\">\n\t\t\t\t\t\t<rs-slide style=\"position: absolute;\" data-key=\"rs-13\" data-title=\"Slide\" data-anim=\"ms:1000;r:0;\" data-in=\"o:0;\" data-out=\"a:false;\">\n\t\t\t\t\t\t\t<img decoding=\"async\" src=\"\/\/www.fondazionecorippo.ch\/wp-content\/plugins\/revslider\/sr6\/assets\/assets\/dummy.png\" alt=\"Slide\" title=\"Architecture et urbanisme\" class=\"rev-slidebg tp-rs-img rs-lazyload\" data-lazyload=\"\/\/www.fondazionecorippo.ch\/wp-content\/plugins\/revslider\/sr6\/assets\/assets\/transparent.png\" data-no-retina>\n<!--\n\t\t\t\t\t\t\t--><rs-layer\n\t\t\t\t\t\t\t\tid=\"slider-9-slide-13-layer-5\" \n\t\t\t\t\t\t\t\tdata-type=\"image\"\n\t\t\t\t\t\t\t\tdata-rsp_ch=\"on\"\n\t\t\t\t\t\t\t\tdata-xy=\"x:l,l,c,c;yo:100px,100px,50px,30px;\"\n\t\t\t\t\t\t\t\tdata-text=\"w:normal;s:20,16,8,4;l:0,20,10,6;\"\n\t\t\t\t\t\t\t\tdata-dim=\"w:50%,50%,90%,95%;\"\n\t\t\t\t\t\t\t\tdata-basealign=\"slide\"\n\t\t\t\t\t\t\t\tdata-padding=\"r:30,0,0,0;l:30,0,0,0;\"\n\t\t\t\t\t\t\t\tdata-frame_0=\"sX:0.9;sY:0.9;\"\n\t\t\t\t\t\t\t\tdata-frame_1=\"e:power1.in;sp:3000;\"\n\t\t\t\t\t\t\t\tdata-frame_999=\"o:0;st:w;\"\n\t\t\t\t\t\t\t\tstyle=\"z-index:12;\"\n\t\t\t\t\t\t\t><img decoding=\"async\" src=\"\/\/www.fondazionecorippo.ch\/wp-content\/plugins\/revslider\/sr6\/assets\/assets\/dummy.png\" alt=\"\" class=\"tp-rs-img rs-lazyload\" width=\"1600\" height=\"2050\" data-lazyload=\"\/\/www.fondazionecorippo.ch\/wp-content\/uploads\/2019\/12\/architettura_mappa_new.jpg\" data-no-retina> \n\t\t\t\t\t\t\t<\/rs-layer><!--\n-->\t\t\t\t\t<\/rs-slide>\n\t\t\t\t\t<\/rs-slides>\n\t\t\t\t<\/rs-module>\n\t\t\t\t<script>\n\t\t\t\t\tsetREVStartSize({c: 'rev_slider_9_1',rl:[1240,1024,778,480],el:[1500,1300,1020,640],gw:[2000,1600,800,480],gh:[1500,1300,1020,640],type:'hero',justify:'',layout:'fullwidth',mh:\"0\"});if (window.RS_MODULES!==undefined && window.RS_MODULES.modules!==undefined && window.RS_MODULES.modules[\"revslider91\"]!==undefined) {window.RS_MODULES.modules[\"revslider91\"].once = false;window.revapi9 = undefined;if (window.RS_MODULES.checkMinimal!==undefined) window.RS_MODULES.checkMinimal()}\n\t\t\t\t<\/script>\n\t\t\t<\/rs-module-wrap>\n\t\t\t<!-- END REVOLUTION SLIDER -->\n[\/vc_column][vc_column width=\u00a0\u00bb1\/2&Prime; css=\u00a0\u00bb.vc_custom_1572354223871{padding-right: 30px !important;padding-left: 30px !important;}\u00a0\u00bb col_shadow=\u00a0\u00bbbox_shadow_enable:disable|shadow_horizontal:0|shadow_vertical:15|shadow_blur:50|shadow_spread:0|box_shadow_color:rgba(0%2C0%2C0%2C0.35)\u00a0\u00bb col_shadow_hover=\u00a0\u00bbbox_shadow_enable:disable|shadow_horizontal:0|shadow_vertical:15|shadow_blur:50|shadow_spread:0|box_shadow_color:rgba(0%2C0%2C0%2C0.35)\u00a0\u00bb][dfd_spacer screen_wide_spacer_size=\u00a0\u00bb250&Prime; screen_normal_resolution=\u00a0\u00bb1024&Prime; screen_tablet_resolution=\u00a0\u00bb800&Prime; screen_mobile_resolution=\u00a0\u00bb480&Prime; screen_normal_spacer_size=\u00a0\u00bb200&Prime; screen_tablet_spacer_size=\u00a0\u00bb50&Prime; screen_mobile_spacer_size=\u00a0\u00bb50&Prime;][dfd_heading subtitle=\u00a0\u00bb\u00a0\u00bb content_alignment=\u00a0\u00bbtext-left\u00a0\u00bb enable_delimiter=\u00a0\u00bb\u00a0\u00bb heading_margin=\u00a0\u00bbmargin-bottom:15&Prime; undefined=\u00a0\u00bb\u00a0\u00bb title_font_options=\u00a0\u00bbtag:h1&Prime; subtitle_font_options=\u00a0\u00bbtag:div\u00a0\u00bb title_responsive=\u00a0\u00bbfont_size_mobile:40|line_height_mobile:45|letter_spacing_mobile:0&Prime;]Architecture et urbanisme[\/dfd_heading][vc_column_text]Le village de Corippo s\u2019est d\u00e9velopp\u00e9 sur une c\u00f4te escarp\u00e9e, situ\u00e9e entre le versant droit de la vall\u00e9e du Val Verzasca et le versant gauche de la vall\u00e9e de Corippo. Il pr\u00e9sente une structure urbaine extr\u00eamement compacte, constitu\u00e9e d\u2019une typologie uniforme, dispos\u00e9e du haut vers le bas, le long d\u2019un axe pi\u00e9tonnier horizontal qui, \u00e0 son tour, est reli\u00e9 \u00e0 la place du village par des chemins en escaliers perpendiculaires. Les maisons en pierre et aux toits d\u2019ardoise typiques situ\u00e9es dans le centre du village sont toutes orient\u00e9es en direction du sud-est et sont reli\u00e9es entre elles par des ruelles \u00e9troites. Cette morphologie caract\u00e9ristique de l\u2019urbanise du village de Corippo est rest\u00e9e intacte jusqu\u2019\u00e0 nos jours. En 1975, \u00e0 l\u2019occasion de l\u2019Ann\u00e9e europ\u00e9enne du patrimoine architectural, le village de Corippo a \u00e9t\u00e9 class\u00e9 par la Conf\u00e9d\u00e9ration et le canton du Tessin comme monument historique digne d\u2019\u00eatre pr\u00e9serv\u00e9 et revitalis\u00e9, dans son ensemble, par une intervention exemplaire.[\/vc_column_text][dfd_spacer screen_wide_spacer_size=\u00a0\u00bb50&Prime; screen_normal_resolution=\u00a0\u00bb1024&Prime; screen_tablet_resolution=\u00a0\u00bb800&Prime; screen_mobile_resolution=\u00a0\u00bb480&Prime; screen_normal_spacer_size=\u00a0\u00bb50&Prime; screen_tablet_spacer_size=\u00a0\u00bb50&Prime; screen_mobile_spacer_size=\u00a0\u00bb50&Prime;][dfd_simple_image_gallery dfd_layer_image=\u00a0\u00bb422&Prime; items_offset=\u00a0\u00bb0&Prime; image_width=\u00a0\u00bb900&Prime; image_height=\u00a0\u00bb\u00a0\u00bb crop_images=\u00a0\u00bb\u00a0\u00bb slides_to_scroll=\u00a0\u00bb1&Prime; carousel_slideshow_speed=\u00a0\u00bb3000&Prime; use_dots=\u00a0\u00bbshow\u00a0\u00bb dots_style=\u00a0\u00bbdfdfillrounded\u00a0\u00bb images_style=\u00a0\u00bbcarousel\u00a0\u00bb tutorials=\u00a0\u00bb\u00a0\u00bb][\/vc_column][\/vc_row][vc_row][vc_column][dfd_spacer screen_wide_spacer_size=\u00a0\u00bb100&Prime; screen_normal_resolution=\u00a0\u00bb1024&Prime; screen_tablet_resolution=\u00a0\u00bb800&Prime; screen_mobile_resolution=\u00a0\u00bb480&Prime; screen_normal_spacer_size=\u00a0\u00bb100&Prime; screen_tablet_spacer_size=\u00a0\u00bb100&Prime; screen_mobile_spacer_size=\u00a0\u00bb100&Prime;][\/vc_column][\/vc_row]<\/p>\n<\/section>","protected":false},"excerpt":{"rendered":"<p>[vc_row][vc_column width=\u00a0\u00bb1\/2&Prime; col_shadow=\u00a0\u00bbbox_shadow_enable:disable|shadow_horizontal:0|shadow_vertical:15|shadow_blur:50|shadow_spread:0|box_shadow_color:rgba(0%2C0%2C0%2C0.35)\u00a0\u00bb col_shadow_hover=\u00a0\u00bbbox_shadow_enable:disable|shadow_horizontal:0|shadow_vertical:15|shadow_blur:50|shadow_spread:0|box_shadow_color:rgba(0%2C0%2C0%2C0.35)\u00a0\u00bb][\/vc_column][vc_column width=\u00a0\u00bb1\/2&Prime; css=\u00a0\u00bb.vc_custom_1572354223871{padding-right: 30px !important;padding-left: 30px !important;}\u00a0\u00bb col_shadow=\u00a0\u00bbbox_shadow_enable:disable|shadow_horizontal:0|shadow_vertical:15|shadow_blur:50|shadow_spread:0|box_shadow_color:rgba(0%2C0%2C0%2C0.35)\u00a0\u00bb col_shadow_hover=\u00a0\u00bbbox_shadow_enable:disable|shadow_horizontal:0|shadow_vertical:15|shadow_blur:50|shadow_spread:0|box_shadow_color:rgba(0%2C0%2C0%2C0.35)\u00a0\u00bb][dfd_spacer screen_wide_spacer_size=\u00a0\u00bb250&Prime; screen_normal_resolution=\u00a0\u00bb1024&Prime; screen_tablet_resolution=\u00a0\u00bb800&Prime; screen_mobile_resolution=\u00a0\u00bb480&Prime; screen_normal_spacer_size=\u00a0\u00bb200&Prime; screen_tablet_spacer_size=\u00a0\u00bb50&Prime; screen_mobile_spacer_size=\u00a0\u00bb50&Prime;][dfd_heading subtitle=\u00a0\u00bb\u00a0\u00bb content_alignment=\u00a0\u00bbtext-left\u00a0\u00bb enable_delimiter=\u00a0\u00bb\u00a0\u00bb heading_margin=\u00a0\u00bbmargin-bottom:15&Prime; undefined=\u00a0\u00bb\u00a0\u00bb title_font_options=\u00a0\u00bbtag:h1&Prime; subtitle_font_options=\u00a0\u00bbtag:div\u00a0\u00bb title_responsive=\u00a0\u00bbfont_size_mobile:40|line_height_mobile:45|letter_spacing_mobile:0&Prime;]Architecture et urbanisme[\/dfd_heading][vc_column_text]Le village<\/p>\n","protected":false},"author":1,"featured_media":0,"parent":0,"menu_order":0,"comment_status":"closed","ping_status":"closed","template":"tmp-page.php","meta":{"inline_featured_image":false,"_monsterinsights_skip_tracking":false,"_monsterinsights_sitenote_active":false,"_monsterinsights_sitenote_note":"","_monsterinsights_sitenote_category":0,"footnotes":""},"class_list":["post-634","page","type-page","status-publish","hentry"],"aioseo_notices":[],"_links":{"self":[{"href":"https:\/\/www.fondazionecorippo.ch\/fr\/wp-json\/wp\/v2\/pages\/634","targetHints":{"allow":["GET"]}}],"collection":[{"href":"https:\/\/www.fondazionecorippo.ch\/fr\/wp-json\/wp\/v2\/pages"}],"about":[{"href":"https:\/\/www.fondazionecorippo.ch\/fr\/wp-json\/wp\/v2\/types\/page"}],"author":[{"embeddable":true,"href":"https:\/\/www.fondazionecorippo.ch\/fr\/wp-json\/wp\/v2\/users\/1"}],"replies":[{"embeddable":true,"href":"https:\/\/www.fondazionecorippo.ch\/fr\/wp-json\/wp\/v2\/comments?post=634"}],"version-history":[{"count":2,"href":"https:\/\/www.fondazionecorippo.ch\/fr\/wp-json\/wp\/v2\/pages\/634\/revisions"}],"predecessor-version":[{"id":1023,"href":"https:\/\/www.fondazionecorippo.ch\/fr\/wp-json\/wp\/v2\/pages\/634\/revisions\/1023"}],"wp:attachment":[{"href":"https:\/\/www.fondazionecorippo.ch\/fr\/wp-json\/wp\/v2\/media?parent=634"}],"curies":[{"name":"wp","href":"https:\/\/api.w.org\/{rel}","templated":true}]}}