{"id":640,"date":"2019-11-21T13:38:16","date_gmt":"2019-11-21T13:38:16","guid":{"rendered":"http:\/\/www2.fondazionecorippo.ch\/sostenitori\/"},"modified":"2024-02-13T07:10:13","modified_gmt":"2024-02-13T07:10:13","slug":"sostenitori","status":"publish","type":"page","link":"https:\/\/www.fondazionecorippo.ch\/fr\/sostenitori\/","title":{"rendered":"Supporter"},"content":{"rendered":"<section class=\"wpb-content-wrapper\"><p>[vc_row][vc_column width=\u00a0\u00bb1\/2&Prime; col_shadow=\u00a0\u00bbbox_shadow_enable:disable|shadow_horizontal:0|shadow_vertical:15|shadow_blur:50|shadow_spread:0|box_shadow_color:rgba(0%2C0%2C0%2C0.35)\u00a0\u00bb col_shadow_hover=\u00a0\u00bbbox_shadow_enable:disable|shadow_horizontal:0|shadow_vertical:15|shadow_blur:50|shadow_spread:0|box_shadow_color:rgba(0%2C0%2C0%2C0.35)\u00a0\u00bb css=\u00a0\u00bb.vc_custom_1573728681690{padding-right: 30px !important;padding-left: 30px !important;}\u00a0\u00bb][dfd_spacer screen_wide_spacer_size=\u00a0\u00bb250&Prime; screen_normal_resolution=\u00a0\u00bb1024&Prime; screen_tablet_resolution=\u00a0\u00bb800&Prime; screen_mobile_resolution=\u00a0\u00bb480&Prime; screen_normal_spacer_size=\u00a0\u00bb200&Prime; screen_tablet_spacer_size=\u00a0\u00bb50&Prime; screen_mobile_spacer_size=\u00a0\u00bb50&Prime;][dfd_heading subtitle=\u00a0\u00bb\u00a0\u00bb content_alignment=\u00a0\u00bbtext-left\u00a0\u00bb enable_delimiter=\u00a0\u00bb\u00a0\u00bb heading_margin=\u00a0\u00bbmargin-bottom:15&Prime; undefined=\u00a0\u00bb\u00a0\u00bb title_font_options=\u00a0\u00bbtag:h1&Prime; subtitle_font_options=\u00a0\u00bbtag:div\u00a0\u00bb title_responsive=\u00a0\u00bbfont_size_mobile:40|line_height_mobile:45|letter_spacing_mobile:0&Prime;]Nos supporters[\/dfd_heading][vc_column_text css=\u00a0\u00bb.vc_custom_1707600155476{padding-bottom: 20px !important;}\u00a0\u00bb]Corippo est le village qui, plus que n\u2019importe quel autre, a su pr\u00e9server son caract\u00e8re historique. En raison de la valeur de son patrimoine architectural, le village a \u00e9t\u00e9 d\u00e9clar\u00e9 monument d\u2019importance nationale et est strictement prot\u00e9g\u00e9. Corippo est donc une localit\u00e9 digne d\u2019\u00eatre pr\u00e9serv\u00e9e et revitalis\u00e9e, et c\u2019est pr\u00e9cis\u00e9ment le but de la Fondation Corippo, qui fonctionne gr\u00e2ce au soutien de ceux qui aiment Corippo et en prennent soin de pr\u00e8s ou de loin, en collaborant avec des acteurs locaux tels que le Patriziato, la paroisse, la municipalit\u00e9 et d\u2019autres actifs dans la r\u00e9gion. Elle finance ses activit\u00e9s et ses projets gr\u00e2ce aux dons d\u2019organismes publics, d\u2019entreprises et de particuliers.[\/vc_column_text][dfd_heading subtitle=\u00a0\u00bb\u00a0\u00bb content_alignment=\u00a0\u00bbtext-left\u00a0\u00bb enable_delimiter=\u00a0\u00bb\u00a0\u00bb heading_margin=\u00a0\u00bbmargin-bottom:15&Prime; undefined=\u00a0\u00bb\u00a0\u00bb title_font_options=\u00a0\u00bbtag:h1&Prime; subtitle_font_options=\u00a0\u00bbtag:div\u00a0\u00bb title_responsive=\u00a0\u00bbfont_size_mobile:40|line_height_mobile:45|letter_spacing_mobile:0&Prime;]Projet de paysage[\/dfd_heading][dfd_icon_list list_fields=\u00a0\u00bb%5B%7B%22icon_type%22%3A%22not-icon%22%2C%22select_icon%22%3A%22dfd_icons%22%2C%22ic_dfd_icons%22%3A%22dfd-socicon-arrow-right%22%2C%22text_content%22%3A%22Repubblica%20e%20Cantone%20Ticino%22%2C%22link_box%22%3A%22link_b%22%2C%22link%22%3A%22url%3Ahttps%253A%252F%252Fwww4.ti.ch%252Findex.php%253Fid%253D86286%7C%7Ctarget%3A%2520_blank%7C%22%7D%2C%7B%22icon_type%22%3A%22not-icon%22%2C%22select_icon%22%3A%22dfd_icons%22%2C%22ic_dfd_icons%22%3A%22dfd-socicon-arrow-right%22%2C%22text_content%22%3A%22ERS%20LVM%20%5Cu2013%20Ente%20Regionale%20per%20lo%20sviluppo%20Locarnese%20e%20Vallemaggia%22%2C%22link_box%22%3A%22link_b%22%2C%22link%22%3A%22url%3Ahttps%253A%252F%252Flocarnese.ch%252F%7C%7Ctarget%3A%2520_blank%7C%22%7D%2C%7B%22icon_type%22%3A%22not-icon%22%2C%22select_icon%22%3A%22dfd_icons%22%2C%22ic_dfd_icons%22%3A%22dfd-socicon-arrow-right%22%2C%22text_content%22%3A%22Ascona%20Locarno%20%5Cu2013%20Organizzazione%20Turistica%20Lago%20Maggiore%20e%20Valli%20Regione%20Tenero%20e%20Valle%20Verzasca%22%2C%22link_box%22%3A%22link_b%22%2C%22link%22%3A%22url%3Ahttps%253A%252F%252Fwww.ascona-locarno.com%252Fit%252Fesplora%252Fvalle-verzasca%7C%7Ctarget%3A%2520_blank%7C%22%7D%2C%7B%22icon_type%22%3A%22not-icon%22%2C%22select_icon%22%3A%22dfd_icons%22%2C%22ic_dfd_icons%22%3A%22dfd-socicon-arrow-right%22%2C%22text_content%22%3A%22Ernst%20G%5Cu00f6hner%20Stiftung%22%2C%22link_box%22%3A%22link_b%22%2C%22link%22%3A%22url%3Ahttp%253A%252F%252Fwww.ernst-goehner-stiftung.ch%252Findex.php%252Fde%7C%7Ctarget%3A%2520_blank%7C%22%7D%2C%7B%22icon_type%22%3A%22not-icon%22%2C%22select_icon%22%3A%22dfd_icons%22%2C%22ic_dfd_icons%22%3A%22dfd-socicon-arrow-right%22%2C%22text_content%22%3A%22Fondazione%20svizzera%20per%20la%20tutela%20del%20paesaggio%22%2C%22link_box%22%3A%22link_b%22%2C%22link%22%3A%22url%3Ahttps%253A%252F%252Fwww.sl-fp.ch%252F%7C%7Ctarget%3A%2520_blank%7C%22%7D%2C%7B%22icon_type%22%3A%22not-icon%22%2C%22select_icon%22%3A%22dfd_icons%22%2C%22ic_dfd_icons%22%3A%22dfd-socicon-arrow-right%22%2C%22text_content%22%3A%22Fondo%20Svizzero%20per%20il%20Paesaggio%20%28FSP%29%22%2C%22link_box%22%3A%22link_b%22%2C%22link%22%3A%22url%3Ahttps%253A%252F%252Ffls-fsp.ch%252F%7C%7Ctarget%3A%2520_blank%7C%22%7D%2C%7B%22icon_type%22%3A%22not-icon%22%2C%22select_icon%22%3A%22dfd_icons%22%2C%22ic_dfd_icons%22%3A%22dfd-socicon-arrow-right%22%2C%22text_content%22%3A%22Gemeinn%5Cu00fctziger%20Fonds%20del%20Cantone%20di%20Zurigo%22%2C%22link_box%22%3A%22link_b%22%2C%22link%22%3A%22url%3Ahttps%253A%252F%252Fwww.zh.ch%252Fde%252Fsport-kultur%252Flotteriefonds%252Fgemeinnuetziger-fonds.html%7Ctarget%3A_blank%22%7D%2C%7B%22icon_type%22%3A%22not-icon%22%2C%22select_icon%22%3A%22dfd_icons%22%2C%22ic_dfd_icons%22%3A%22dfd-socicon-arrow-right%22%2C%22text_content%22%3A%22Sophie%20und%20Karl%20Binding%20Stiftung%22%2C%22link_box%22%3A%22link_b%22%2C%22link%22%3A%22url%3Ahttps%253A%252F%252Fwww.binding-stiftung.ch%252F%7C%7Ctarget%3A%2520_blank%7C%22%7D%2C%7B%22icon_type%22%3A%22selector%22%2C%22select_icon%22%3A%22dfd_icons%22%2C%22ic_dfd_icons%22%3A%22dfd-socicon-arrow-right%22%7D%5D\u00a0\u00bb del_height=\u00a0\u00bb1&Prime; main_style=\u00a0\u00bbstyle-2&Prime; icon_bottom_spase=\u00a0\u00bb10&Prime; del_color=\u00a0\u00bb#c6c6c6&Prime; font_options=\u00a0\u00bbtag:div|font_size:18|color:%23000000|letter_spacing:0&Prime; use_google_fonts=\u00a0\u00bbyes\u00a0\u00bb custom_fonts=\u00a0\u00bbfont_family:Montserrat%3Aregular%2C700|font_style:400%20regular%3A400%3Anormal\u00a0\u00bb][dfd_button click_animation=\u00a0\u00bb\u00a0\u00bb button_text=\u00a0\u00bbDON\u00a0\u00bb alignment=\u00a0\u00bbtext-left\u00a0\u00bb border=\u00a0\u00bbborder_style:solid|border_radius:0&Prime; hover_border=\u00a0\u00bbborder_style:solid|border_radius:0&Prime; main_style=\u00a0\u00bbstyle-2&Prime; buttom_link_src=\u00a0\u00bburl:https%3A%2F%2Fwww.fondazionecorippo.ch%2Ffr%2Fdonazione%2F|\u00a0\u00bb undefined=\u00a0\u00bb\u00a0\u00bb padding_left=\u00a0\u00bb25&Prime; padding_right=\u00a0\u00bb25&Prime; text_color=\u00a0\u00bb#ffffff\u00a0\u00bb hover_text_color=\u00a0\u00bb#ffffff\u00a0\u00bb background=\u00a0\u00bb#000000&Prime; hover_background=\u00a0\u00bb#000000&Prime; box_shadow=\u00a0\u00bbbox_shadow_enable:disable|shadow_horizontal:0|shadow_vertical:15|shadow_blur:50|shadow_spread:0|box_shadow_color:rgba(0%2C0%2C0%2C0.35)\u00a0\u00bb hover_box_shadow=\u00a0\u00bbbox_shadow_enable:disable|shadow_horizontal:0|shadow_vertical:15|shadow_blur:50|shadow_spread:0|box_shadow_color:rgba(0%2C0%2C0%2C0.35)\u00a0\u00bb title_font_options=\u00a0\u00bbfont_size:20|line_height:40|letter_spacing:0&Prime; title_google_fonts=\u00a0\u00bbyes\u00a0\u00bb title_custom_fonts=\u00a0\u00bbfont_family:Montserrat%3Aregular%2C700|font_style:700%20bold%20regular%3A700%3Anormal\u00a0\u00bb][\/vc_column][vc_column width=\u00a0\u00bb1\/2&Prime; css=\u00a0\u00bb.vc_custom_1572354223871{padding-right: 30px !important;padding-left: 30px !important;}\u00a0\u00bb col_shadow=\u00a0\u00bbbox_shadow_enable:disable|shadow_horizontal:0|shadow_vertical:15|shadow_blur:50|shadow_spread:0|box_shadow_color:rgba(0%2C0%2C0%2C0.35)\u00a0\u00bb col_shadow_hover=\u00a0\u00bbbox_shadow_enable:disable|shadow_horizontal:0|shadow_vertical:15|shadow_blur:50|shadow_spread:0|box_shadow_color:rgba(0%2C0%2C0%2C0.35)\u00a0\u00bb][dfd_spacer screen_wide_spacer_size=\u00a0\u00bb250&Prime; screen_normal_resolution=\u00a0\u00bb1024&Prime; screen_tablet_resolution=\u00a0\u00bb800&Prime; screen_mobile_resolution=\u00a0\u00bb480&Prime; screen_normal_spacer_size=\u00a0\u00bb200&Prime; screen_tablet_spacer_size=\u00a0\u00bb50&Prime; screen_mobile_spacer_size=\u00a0\u00bb50&Prime;][dfd_spacer screen_wide_spacer_size=\u00a0\u00bb250&Prime; screen_normal_resolution=\u00a0\u00bb1024&Prime; screen_tablet_resolution=\u00a0\u00bb800&Prime; screen_mobile_resolution=\u00a0\u00bb480&Prime; screen_normal_spacer_size=\u00a0\u00bb200&Prime; screen_tablet_spacer_size=\u00a0\u00bb50&Prime; screen_mobile_spacer_size=\u00a0\u00bb50&Prime;][dfd_heading subtitle=\u00a0\u00bb\u00a0\u00bb content_alignment=\u00a0\u00bbtext-left\u00a0\u00bb enable_delimiter=\u00a0\u00bb\u00a0\u00bb heading_margin=\u00a0\u00bbmargin-bottom:15&Prime; undefined=\u00a0\u00bb\u00a0\u00bb title_font_options=\u00a0\u00bbtag:h1&Prime; subtitle_font_options=\u00a0\u00bbtag:div\u00a0\u00bb title_responsive=\u00a0\u00bbfont_size_mobile:40|line_height_mobile:45|letter_spacing_mobile:0&Prime;]Corippo Albergo Diffuso[\/dfd_heading][dfd_icon_list list_fields=\u00a0\u00bb%5B%7B%22icon_type%22%3A%22not-icon%22%2C%22select_icon%22%3A%22dfd_icons%22%2C%22ic_dfd_icons%22%3A%22dfd-socicon-arrow-right%22%2C%22text_content%22%3A%22Ufficio%20federale%20della%20cultura%20%5Cu2013%20Sezione%20cultura%20della%20costruzione%22%2C%22link_box%22%3A%22link_b%22%2C%22link%22%3A%22url%3Ahttps%253A%252F%252Fwww.bak.admin.ch%252Fbak%252Fit%252Fhome.html%7Ctarget%3A_blank%22%7D%2C%7B%22icon_type%22%3A%22not-icon%22%2C%22select_icon%22%3A%22dfd_icons%22%2C%22ic_dfd_icons%22%3A%22dfd-socicon-arrow-right%22%2C%22text_content%22%3A%22Repubblica%20e%20Cantone%20Ticino%22%2C%22link_box%22%3A%22link_b%22%2C%22link%22%3A%22url%3Ahttps%253A%252F%252Fwww4.ti.ch%252Findex.php%253Fid%253D86286%7C%7Ctarget%3A%2520_blank%7C%22%7D%2C%7B%22icon_type%22%3A%22not-icon%22%2C%22select_icon%22%3A%22dfd_icons%22%2C%22ic_dfd_icons%22%3A%22dfd-socicon-arrow-right%22%2C%22text_content%22%3A%22Comune%20di%20Corippo%2C%20oggi%20Comune%20Verzasca%22%2C%22link_box%22%3A%22link_b%22%2C%22link%22%3A%22url%3Ahttps%253A%252F%252Fwww.verzasca.swiss%7Ctarget%3A_blank%22%7D%2C%7B%22icon_type%22%3A%22not-icon%22%2C%22select_icon%22%3A%22dfd_icons%22%2C%22ic_dfd_icons%22%3A%22dfd-socicon-arrow-right%22%2C%22text_content%22%3A%22Convivio%20Intercomunale%20dei%20Sindaci%20del%20Locarnese%20%28CISL%29%22%2C%22link_box%22%3A%22link_b%22%2C%22link%22%3A%22url%3Ahttps%253A%252F%252Flocarnese.ch%252Fpartner%252Fconvivio%7Ctarget%3A_blank%22%7D%2C%7B%22icon_type%22%3A%22not-icon%22%2C%22select_icon%22%3A%22dfd_icons%22%2C%22ic_dfd_icons%22%3A%22dfd-socicon-arrow-right%22%2C%22text_content%22%3A%22Fondazione%20Aiuto%20svizzero%20alla%20Montagna%22%2C%22link_box%22%3A%22link_b%22%2C%22link%22%3A%22url%3Ahttps%253A%252F%252Fwww.aiutomontagna.ch%252Fit%252Frichieste%7Ctarget%3A_blank%22%7D%2C%7B%22icon_type%22%3A%22not-icon%22%2C%22select_icon%22%3A%22dfd_icons%22%2C%22ic_dfd_icons%22%3A%22dfd-socicon-arrow-right%22%2C%22text_content%22%3A%22Ascona%20Locarno%20%5Cu2013%20Organizzazione%20Turistica%20Lago%20Maggiore%20e%20Valli%20Regione%20Tenero%20e%20Valle%20Verzasca%22%2C%22link_box%22%3A%22link_b%22%2C%22link%22%3A%22url%3Ahttps%253A%252F%252Fwww.ascona-locarno.com%252Fit%252Fesplora%252Fvalle-verzasca%7C%7Ctarget%3A%2520_blank%7C%22%7D%2C%7B%22icon_type%22%3A%22not-icon%22%2C%22select_icon%22%3A%22dfd_icons%22%2C%22ic_dfd_icons%22%3A%22dfd-socicon-arrow-right%22%2C%22text_content%22%3A%22BancaStato%22%2C%22link_box%22%3A%22link_b%22%2C%22link%22%3A%22url%3Ahttps%253A%252F%252Fwww.bancastato.ch%7Ctarget%3A_blank%22%7D%2C%7B%22icon_type%22%3A%22not-icon%22%2C%22select_icon%22%3A%22dfd_icons%22%2C%22ic_dfd_icons%22%3A%22dfd-socicon-arrow-right%22%2C%22text_content%22%3A%22Pro%20Patria%20%22%2C%22link_box%22%3A%22link_b%22%2C%22link%22%3A%22url%3Ahttps%253A%252F%252Fwww.propatria.ch%252Fit%252F%22%7D%2C%7B%22icon_type%22%3A%22not-icon%22%2C%22select_icon%22%3A%22dfd_icons%22%2C%22ic_dfd_icons%22%3A%22dfd-socicon-arrow-right%22%2C%22text_content%22%3A%22Fondazione%20Verzasca%22%2C%22link_box%22%3A%22link_b%22%2C%22link%22%3A%22url%3Ahttps%253A%252F%252Ffondazioneverzasca.ch%7Ctarget%3A_blank%22%7D%5D\u00a0\u00bb del_height=\u00a0\u00bb1&Prime; main_style=\u00a0\u00bbstyle-2&Prime; icon_bottom_spase=\u00a0\u00bb10&Prime; del_color=\u00a0\u00bb#c6c6c6&Prime; font_options=\u00a0\u00bbtag:div|font_size:18|color:%23000000|letter_spacing:0&Prime; use_google_fonts=\u00a0\u00bbyes\u00a0\u00bb custom_fonts=\u00a0\u00bbfont_family:Montserrat%3Aregular%2C700|font_style:400%20regular%3A400%3Anormal\u00a0\u00bb tutorials=\u00a0\u00bb\u00a0\u00bb][\/vc_column][\/vc_row][vc_row][vc_column][dfd_spacer screen_wide_spacer_size=\u00a0\u00bb200&Prime; screen_normal_resolution=\u00a0\u00bb1024&Prime; screen_tablet_resolution=\u00a0\u00bb800&Prime; screen_mobile_resolution=\u00a0\u00bb480&Prime; screen_normal_spacer_size=\u00a0\u00bb150&Prime; screen_tablet_spacer_size=\u00a0\u00bb100&Prime; screen_mobile_spacer_size=\u00a0\u00bb100&Prime;][\/vc_column][\/vc_row]<\/p>\n<\/section>","protected":false},"excerpt":{"rendered":"<p>[vc_row][vc_column width=\u00a0\u00bb1\/2&Prime; col_shadow=\u00a0\u00bbbox_shadow_enable:disable|shadow_horizontal:0|shadow_vertical:15|shadow_blur:50|shadow_spread:0|box_shadow_color:rgba(0%2C0%2C0%2C0.35)\u00a0\u00bb col_shadow_hover=\u00a0\u00bbbox_shadow_enable:disable|shadow_horizontal:0|shadow_vertical:15|shadow_blur:50|shadow_spread:0|box_shadow_color:rgba(0%2C0%2C0%2C0.35)\u00a0\u00bb css=\u00a0\u00bb.vc_custom_1573728681690{padding-right: 30px !important;padding-left: 30px !important;}\u00a0\u00bb][dfd_spacer screen_wide_spacer_size=\u00a0\u00bb250&Prime; screen_normal_resolution=\u00a0\u00bb1024&Prime; screen_tablet_resolution=\u00a0\u00bb800&Prime; screen_mobile_resolution=\u00a0\u00bb480&Prime; screen_normal_spacer_size=\u00a0\u00bb200&Prime; screen_tablet_spacer_size=\u00a0\u00bb50&Prime; screen_mobile_spacer_size=\u00a0\u00bb50&Prime;][dfd_heading subtitle=\u00a0\u00bb\u00a0\u00bb content_alignment=\u00a0\u00bbtext-left\u00a0\u00bb enable_delimiter=\u00a0\u00bb\u00a0\u00bb heading_margin=\u00a0\u00bbmargin-bottom:15&Prime; undefined=\u00a0\u00bb\u00a0\u00bb title_font_options=\u00a0\u00bbtag:h1&Prime; subtitle_font_options=\u00a0\u00bbtag:div\u00a0\u00bb title_responsive=\u00a0\u00bbfont_size_mobile:40|line_height_mobile:45|letter_spacing_mobile:0&Prime;]Nos supporters[\/dfd_heading][vc_column_text css=\u00a0\u00bb.vc_custom_1707600155476{padding-bottom: 20px !important;}\u00a0\u00bb]Corippo est le<\/p>\n","protected":false},"author":1,"featured_media":0,"parent":0,"menu_order":0,"comment_status":"closed","ping_status":"closed","template":"tmp-page.php","meta":{"inline_featured_image":false,"_monsterinsights_skip_tracking":false,"_monsterinsights_sitenote_active":false,"_monsterinsights_sitenote_note":"","_monsterinsights_sitenote_category":0,"footnotes":""},"class_list":["post-640","page","type-page","status-publish","hentry"],"aioseo_notices":[],"_links":{"self":[{"href":"https:\/\/www.fondazionecorippo.ch\/fr\/wp-json\/wp\/v2\/pages\/640","targetHints":{"allow":["GET"]}}],"collection":[{"href":"https:\/\/www.fondazionecorippo.ch\/fr\/wp-json\/wp\/v2\/pages"}],"about":[{"href":"https:\/\/www.fondazionecorippo.ch\/fr\/wp-json\/wp\/v2\/types\/page"}],"author":[{"embeddable":true,"href":"https:\/\/www.fondazionecorippo.ch\/fr\/wp-json\/wp\/v2\/users\/1"}],"replies":[{"embeddable":true,"href":"https:\/\/www.fondazionecorippo.ch\/fr\/wp-json\/wp\/v2\/comments?post=640"}],"version-history":[{"count":13,"href":"https:\/\/www.fondazionecorippo.ch\/fr\/wp-json\/wp\/v2\/pages\/640\/revisions"}],"predecessor-version":[{"id":4134,"href":"https:\/\/www.fondazionecorippo.ch\/fr\/wp-json\/wp\/v2\/pages\/640\/revisions\/4134"}],"wp:attachment":[{"href":"https:\/\/www.fondazionecorippo.ch\/fr\/wp-json\/wp\/v2\/media?parent=640"}],"curies":[{"name":"wp","href":"https:\/\/api.w.org\/{rel}","templated":true}]}}